{"id":5073,"date":"2021-04-27T18:51:08","date_gmt":"2021-04-27T21:51:08","guid":{"rendered":"https:\/\/www.sexshop.com.ar\/web\/?post_type=product&#038;p=5073"},"modified":"2025-02-03T11:08:55","modified_gmt":"2025-02-03T14:08:55","slug":"plug-anal-inalambrico","status":"publish","type":"product","link":"https:\/\/www.sexshop.com.ar\/web\/producto\/plug-anal-inalambrico\/","title":{"rendered":"PLUG ANAL INAL\u00c1MBRICO"},"content":{"rendered":"<h2>PLUG ANAL INAL\u00c1MBRICO<\/h2>\n<h4>Este vibrador es perfecto para la estimulaci\u00f3n anal, tambi\u00e9n se puede utilizar para estimular el cl\u00edtoris. La bala vibradora ya viene integrada en el estimulador convirtiendo a este vibrador en un hermoso plug anal. Su forma de cono facilita la inserci\u00f3n, su control remoto a su vez facilita el uso y selecci\u00f3n de intensidad. Experimenta un nivel extra de placer con este plug anal vibrador. Cuenta con 20 funciones de vibraci\u00f3n y un control remoto para que el uso sea f\u00e1cil y sencillo.<\/h4>\n<ul>\n<li>\n<h4>Consolador plug anal vibrador<\/h4>\n<\/li>\n<li>\n<h4>20 funciones de vibraci\u00f3n<\/h4>\n<\/li>\n<li>\n<h4>Silicona suave negra.<\/h4>\n<\/li>\n<li>\n<h4>Forma de cono, f\u00e1cil inserci\u00f3n.<\/h4>\n<\/li>\n<li>\n<h4>Bala vibradora incorporada<\/h4>\n<\/li>\n<li>\n<h4>Estimulaci\u00f3n anal y\/o clitorial.<\/h4>\n<\/li>\n<li>\n<h4>2 pilas AAA para el Plug ( incluidas)<\/h4>\n<\/li>\n<li>\n<h4>Control Remoto<\/h4>\n<\/li>\n<li>\n<h4>1 pila AAA para el control remoto (incluida)<\/h4>\n<\/li>\n<li>\n<h4>Seguro al cuerpo<\/h4>\n<\/li>\n<li>\n<h4>Libre de Ftalatos<\/h4>\n<\/li>\n<li>\n<h4>Peso: 106 gr.<\/h4>\n<\/li>\n<\/ul>\n<h4><strong>Medidas:<\/strong>\u00a012 cm x 3,5 cm<\/h4>\n<h4>Dise\u00f1ado en EEUU con las m\u00e1s estrictas normas de calidad.<\/h4>\n","protected":false},"excerpt":{"rendered":"<p>SKU: BI-014333<\/p>\n<h3><span style=\"color: #000080\">Experimenta un nivel extra de placer con este plug anal vibrador. Cuenta con 20 funciones de vibraci\u00f3n y un control remoto para que el uso sea f\u00e1cil y sencillo.<\/span><\/h3>\n","protected":false},"featured_media":5074,"template":"","meta":{"_et_pb_use_builder":"","_et_pb_old_content":"","_et_gb_content_width":"","_joinchat":[]},"product_brand":[],"product_cat":[24,28,32,33,18],"product_tag":[],"class_list":{"0":"post-5073","1":"product","2":"type-product","3":"status-publish","4":"has-post-thumbnail","6":"product_cat-accesorios","7":"product_cat-consoladores-anales","8":"product_cat-ellas","9":"product_cat-ellos","10":"product_cat-vibradores","12":"first","13":"instock","14":"shipping-taxable","15":"purchasable","16":"product-type-simple"},"_links":{"self":[{"href":"https:\/\/www.sexshop.com.ar\/web\/wp-json\/wp\/v2\/product\/5073","targetHints":{"allow":["GET"]}}],"collection":[{"href":"https:\/\/www.sexshop.com.ar\/web\/wp-json\/wp\/v2\/product"}],"about":[{"href":"https:\/\/www.sexshop.com.ar\/web\/wp-json\/wp\/v2\/types\/product"}],"wp:featuredmedia":[{"embeddable":true,"href":"https:\/\/www.sexshop.com.ar\/web\/wp-json\/wp\/v2\/media\/5074"}],"wp:attachment":[{"href":"https:\/\/www.sexshop.com.ar\/web\/wp-json\/wp\/v2\/media?parent=5073"}],"wp:term":[{"taxonomy":"product_brand","embeddable":true,"href":"https:\/\/www.sexshop.com.ar\/web\/wp-json\/wp\/v2\/product_brand?post=5073"},{"taxonomy":"product_cat","embeddable":true,"href":"https:\/\/www.sexshop.com.ar\/web\/wp-json\/wp\/v2\/product_cat?post=5073"},{"taxonomy":"product_tag","embeddable":true,"href":"https:\/\/www.sexshop.com.ar\/web\/wp-json\/wp\/v2\/product_tag?post=5073"}],"curies":[{"name":"wp","href":"https:\/\/api.w.org\/{rel}","templated":true}]}}