{"id":5106,"date":"2021-05-06T18:14:48","date_gmt":"2021-05-06T21:14:48","guid":{"rendered":"https:\/\/www.sexshop.com.ar\/web\/?post_type=product&#038;p=5106"},"modified":"2024-12-02T11:18:27","modified_gmt":"2024-12-02T14:18:27","slug":"succionador-y-vibrador-de-vagina-clitoris-senos-alon-g-spot","status":"publish","type":"product","link":"https:\/\/www.sexshop.com.ar\/web\/producto\/succionador-y-vibrador-de-vagina-clitoris-senos-alon-g-spot\/","title":{"rendered":"SUCCIONADOR Y VIBRADOR de VAGINA, CLITORIS, SENOS Alon g spot"},"content":{"rendered":"<h4><em>\u00a1El Caballito de Mar es un incre\u00edble y poderoso juguete 2 en 1 que te dejar\u00e1 flotando! El extremo de burbuja suave y liso se puede usar para la estimulaci\u00f3n del cl\u00edtoris o se puede insertar para un placer intenso del punto G. En el otro lado del Alon g spot hay un extremo abierto flexible que crea una sensaci\u00f3n de succi\u00f3n \u00fanica que seguramente te llevar\u00e1 a la m\u00e1s profunda satisfacci\u00f3n. \u00a1Cada extremo del Alon g spot tiene funciones vertiginosas que te har\u00e1n m\u00e1s h\u00famedo que el mar! \u00bfQuieres experimentar el mejor orgasmo de todos los tiempos? \u00a1Mate de por vida con el Alon g spot y cabalgue sobre las interminables olas de \u00e9xtasis!<\/em><\/h4>\n<h4><em>SUCCIONADOR VAGINA, CLITORIS, SENOS<\/em><br \/>\n<em>7 MODOS DE VIBRACION<\/em><br \/>\n<em>3 INTENSIDADES DE SUCCION<\/em><br \/>\n<em>LARGO 25 CM<\/em><br \/>\n<em>CARGA USB<\/em><\/h4>\n<h4><em>WATERPROOF<\/em><\/h4>\n","protected":false},"excerpt":{"rendered":"<p>SKU 71105<\/p>\n<h4><em>Es perfecto para estimular el punto g con sus diferentes vibraciones y excelente estimulador de pezones y clitoris con su succionador de diferentes intensidades.<\/em><\/h4>\n","protected":false},"featured_media":6278,"template":"","meta":{"_et_pb_use_builder":"","_et_pb_old_content":"","_et_gb_content_width":"","_joinchat":[]},"product_brand":[],"product_cat":[24,32,37,42,18],"product_tag":[],"class_list":{"0":"post-5106","1":"product","2":"type-product","3":"status-publish","4":"has-post-thumbnail","6":"product_cat-accesorios","7":"product_cat-ellas","8":"product_cat-estimuladores-clitoriales","9":"product_cat-novedades","10":"product_cat-vibradores","12":"first","13":"instock","14":"shipping-taxable","15":"purchasable","16":"product-type-simple"},"_links":{"self":[{"href":"https:\/\/www.sexshop.com.ar\/web\/wp-json\/wp\/v2\/product\/5106","targetHints":{"allow":["GET"]}}],"collection":[{"href":"https:\/\/www.sexshop.com.ar\/web\/wp-json\/wp\/v2\/product"}],"about":[{"href":"https:\/\/www.sexshop.com.ar\/web\/wp-json\/wp\/v2\/types\/product"}],"wp:featuredmedia":[{"embeddable":true,"href":"https:\/\/www.sexshop.com.ar\/web\/wp-json\/wp\/v2\/media\/6278"}],"wp:attachment":[{"href":"https:\/\/www.sexshop.com.ar\/web\/wp-json\/wp\/v2\/media?parent=5106"}],"wp:term":[{"taxonomy":"product_brand","embeddable":true,"href":"https:\/\/www.sexshop.com.ar\/web\/wp-json\/wp\/v2\/product_brand?post=5106"},{"taxonomy":"product_cat","embeddable":true,"href":"https:\/\/www.sexshop.com.ar\/web\/wp-json\/wp\/v2\/product_cat?post=5106"},{"taxonomy":"product_tag","embeddable":true,"href":"https:\/\/www.sexshop.com.ar\/web\/wp-json\/wp\/v2\/product_tag?post=5106"}],"curies":[{"name":"wp","href":"https:\/\/api.w.org\/{rel}","templated":true}]}}