{"id":5145,"date":"2021-05-29T16:09:58","date_gmt":"2021-05-29T19:09:58","guid":{"rendered":"https:\/\/www.sexshop.com.ar\/web\/?post_type=product&#038;p=5145"},"modified":"2025-02-03T12:08:25","modified_gmt":"2025-02-03T15:08:25","slug":"lovefist-l-monster-piel","status":"publish","type":"product","link":"https:\/\/www.sexshop.com.ar\/web\/producto\/lovefist-l-monster-piel\/","title":{"rendered":"PU\u00d1O Y MANO Monster Piel."},"content":{"rendered":"<h3>\u00a0Dise\u00f1ado para la penetraci\u00f3n anal, esta pieza de color piel es incre\u00edblemente realista en tama\u00f1o y forma. Su material hace que este dildo sea flexible y resbaladizo al momento de su uso.<br \/>\nSu medida es de 33 cm y 8 cm de di\u00e1metro Se recomienda el uso de <strong>Gel lubricante \u00edntimo ANAL SEX para relaciones anales<\/strong>, ya que el ano no se lubrica por s\u00ed solo. Este juguete sin duda es\u00a0 \u00a0 \u00a0 \u00a0 \u00a0 \u00a0 \u00a0 \u00a0 \u00a0 \u00a0 \u00a0 \u00a0 \u00a0para expertos y amantes del fisting.<\/h3>\n","protected":false},"excerpt":{"rendered":"<p>SKU\u00a000-174-21<\/p>\n<h4>Este consolador en forma de pu\u00f1o y mano es una pieza imprescindible para aquellos que innovan a la hora de la pasion anal.<\/h4>\n","protected":false},"featured_media":5146,"template":"","meta":{"_et_pb_use_builder":"","_et_pb_old_content":"","_et_gb_content_width":"","_joinchat":[]},"product_brand":[],"product_cat":[28,29],"product_tag":[],"class_list":{"0":"post-5145","1":"product","2":"type-product","3":"status-publish","4":"has-post-thumbnail","6":"product_cat-consoladores-anales","7":"product_cat-consoladores-y-dildos","9":"first","10":"instock","11":"shipping-taxable","12":"purchasable","13":"product-type-simple"},"_links":{"self":[{"href":"https:\/\/www.sexshop.com.ar\/web\/wp-json\/wp\/v2\/product\/5145","targetHints":{"allow":["GET"]}}],"collection":[{"href":"https:\/\/www.sexshop.com.ar\/web\/wp-json\/wp\/v2\/product"}],"about":[{"href":"https:\/\/www.sexshop.com.ar\/web\/wp-json\/wp\/v2\/types\/product"}],"wp:featuredmedia":[{"embeddable":true,"href":"https:\/\/www.sexshop.com.ar\/web\/wp-json\/wp\/v2\/media\/5146"}],"wp:attachment":[{"href":"https:\/\/www.sexshop.com.ar\/web\/wp-json\/wp\/v2\/media?parent=5145"}],"wp:term":[{"taxonomy":"product_brand","embeddable":true,"href":"https:\/\/www.sexshop.com.ar\/web\/wp-json\/wp\/v2\/product_brand?post=5145"},{"taxonomy":"product_cat","embeddable":true,"href":"https:\/\/www.sexshop.com.ar\/web\/wp-json\/wp\/v2\/product_cat?post=5145"},{"taxonomy":"product_tag","embeddable":true,"href":"https:\/\/www.sexshop.com.ar\/web\/wp-json\/wp\/v2\/product_tag?post=5145"}],"curies":[{"name":"wp","href":"https:\/\/api.w.org\/{rel}","templated":true}]}}