{"id":5165,"date":"2021-05-31T16:13:31","date_gmt":"2021-05-31T19:13:31","guid":{"rendered":"https:\/\/www.sexshop.com.ar\/web\/?post_type=product&#038;p=5165"},"modified":"2025-01-20T16:43:59","modified_gmt":"2025-01-20T19:43:59","slug":"power-ring-control-remoto-20-funciones","status":"publish","type":"product","link":"https:\/\/www.sexshop.com.ar\/web\/producto\/power-ring-control-remoto-20-funciones\/","title":{"rendered":"Power Ring Control Remoto 20 Funciones"},"content":{"rendered":"<h4><strong>BAILE POWER RING X20<\/strong><\/h4>\n<h4>Este anillo vibrador lleva 20 funciones de vibraci\u00f3n con control remoto abrazar\u00e1 tu miembro fuertemente para darte unas noches de placer incesante, ya sea con tu pareja o a solas. Para que lo disfrutes con tu pareja lleva unas peque\u00f1as estr\u00edas para una estimulaci\u00f3n maravillosa en el cl\u00edtoris.<\/h4>\n<h4><strong>Caracter\u00edsticas:<\/strong><\/h4>\n<ul>\n<li>\n<h4>Anillo vibrador peneano<\/h4>\n<\/li>\n<li>\n<h4>Ideal parejas, est\u00edmula cl\u00edtoris<\/h4>\n<\/li>\n<li>\n<h4>20 funciones de vibraci\u00f3n<\/h4>\n<\/li>\n<li>\n<h4>Control remoto<\/h4>\n<\/li>\n<li>\n<h4>Di\u00e1metro adaptable<\/h4>\n<\/li>\n<li>\n<h4>3 pilas LR44 (para el anillo, ver imagen con intrucciones)<\/h4>\n<\/li>\n<li>\n<h4>2 pilas AAA<\/h4>\n<\/li>\n<li>\n<h4>Material: TPR Suave \/ ABS<\/h4>\n<\/li>\n<li>\n<h4>Libre de Ftalatos<\/h4>\n<\/li>\n<li>\n<h4>Seguro al cuerpo<\/h4>\n<\/li>\n<li>\n<h4>Peso: 65 gr.<\/h4>\n<\/li>\n<\/ul>\n<h4><strong>Medidas:<\/strong>\u00a02,8 cm<\/h4>\n<h4>Est\u00e1 fabricado con silicona extra suave y est\u00e1 dise\u00f1ado en EEUU con las m\u00e1s altas normas de calidad.<\/h4>\n","protected":false},"excerpt":{"rendered":"<h3>SKU: BI-014331<\/h3>\n<h3>Este anillo vibrador para el pene se adapta perfectamente a tu cuerpo. A pesar de su apariencia traviesa, te produce una erecci\u00f3n firme, impresionante y duradera, estimulando al mismo tiempo el cl\u00edtoris. Ya que est\u00e1 hecho de tpr flexible, es f\u00e1cil de poner y de retirar.<\/h3>\n<h3><\/h3>\n","protected":false},"featured_media":5166,"template":"","meta":{"_et_pb_use_builder":"","_et_pb_old_content":"","_et_gb_content_width":"","_joinchat":[]},"product_brand":[],"product_cat":[26],"product_tag":[],"class_list":{"0":"post-5165","1":"product","2":"type-product","3":"status-publish","4":"has-post-thumbnail","6":"product_cat-anillos-peneanos","8":"first","9":"instock","10":"shipping-taxable","11":"purchasable","12":"product-type-simple"},"_links":{"self":[{"href":"https:\/\/www.sexshop.com.ar\/web\/wp-json\/wp\/v2\/product\/5165","targetHints":{"allow":["GET"]}}],"collection":[{"href":"https:\/\/www.sexshop.com.ar\/web\/wp-json\/wp\/v2\/product"}],"about":[{"href":"https:\/\/www.sexshop.com.ar\/web\/wp-json\/wp\/v2\/types\/product"}],"wp:featuredmedia":[{"embeddable":true,"href":"https:\/\/www.sexshop.com.ar\/web\/wp-json\/wp\/v2\/media\/5166"}],"wp:attachment":[{"href":"https:\/\/www.sexshop.com.ar\/web\/wp-json\/wp\/v2\/media?parent=5165"}],"wp:term":[{"taxonomy":"product_brand","embeddable":true,"href":"https:\/\/www.sexshop.com.ar\/web\/wp-json\/wp\/v2\/product_brand?post=5165"},{"taxonomy":"product_cat","embeddable":true,"href":"https:\/\/www.sexshop.com.ar\/web\/wp-json\/wp\/v2\/product_cat?post=5165"},{"taxonomy":"product_tag","embeddable":true,"href":"https:\/\/www.sexshop.com.ar\/web\/wp-json\/wp\/v2\/product_tag?post=5165"}],"curies":[{"name":"wp","href":"https:\/\/api.w.org\/{rel}","templated":true}]}}