{"id":5173,"date":"2021-05-31T17:22:33","date_gmt":"2021-05-31T20:22:33","guid":{"rendered":"https:\/\/www.sexshop.com.ar\/web\/?post_type=product&#038;p=5173"},"modified":"2025-01-27T11:28:53","modified_gmt":"2025-01-27T14:28:53","slug":"satisfyer-booty-call-anal","status":"publish","type":"product","link":"https:\/\/www.sexshop.com.ar\/web\/producto\/satisfyer-booty-call-anal\/","title":{"rendered":"Satisfyer Booty Call Anal"},"content":{"rendered":"<h3><strong>SATISFYER SILICONE\u00a0PLUGS BOOTY CALL<\/strong><\/h3>\n<h3>\u00a0Un kit ideal para la estimulaci\u00f3n anal intensa, no importa si eres debutante o un experto, los plugs de Satifyer siempre cumplen. Cubiertos en silicona sedosa de gran calidad, los 3 plugs sensuales y rendidores te atrapar\u00e1n con sus formas pensadas s\u00f3lo para dar placer. Utiliza la que m\u00e1s te guste y, a medida que sube la temperatura, intercambia el modelo y aumenta el placer.<\/h3>\n<h3><strong>Caracter\u00edsticas:<\/strong><\/h3>\n<ul>\n<li>\n<h3>Kit de 3 plugs anales<\/h3>\n<\/li>\n<li>\n<h3>Dise\u00f1o sensual y atractivo<\/h3>\n<\/li>\n<li>\n<h3>Di\u00e1metro escalonado<\/h3>\n<\/li>\n<li>\n<h3>Flexibles<\/h3>\n<\/li>\n<li>\n<h3>Silicona super suave<\/h3>\n<\/li>\n<li>\n<h3>Utilizar con lubricante<\/h3>\n<\/li>\n<li>\n<h3>Material seguro al cuerpo<\/h3>\n<\/li>\n<li>\n<h3>Libre de Ftalatos<\/h3>\n<\/li>\n<li>\n<h3>Peso: 127 gr.<\/h3>\n<\/li>\n<\/ul>\n<h3><strong>Medidas:\u00a0<\/strong><\/h3>\n<ul>\n<li>\n<h3>Espiral: 14 cm x 3 cm (Insertable 9,5 cm)<\/h3>\n<\/li>\n<li>\n<h3>Beads (2 niveles): 13,5 cm x 3 cm\u00a0(Insertable 8,7 cm)<\/h3>\n<\/li>\n<li>\n<h3>Beads (3 niveles): 13,5 cm x 3 cm\u00a0(Insertable 8,7 cm)<\/h3>\n<\/li>\n<\/ul>\n<ul>\n<li>\n<h3><\/h3>\n<\/li>\n<\/ul>\n","protected":false},"excerpt":{"rendered":"<h3>SKU: SA500<\/h3>\n<h3>Satisfyer ha lanzado esta nueva l\u00ednea de Plugs Anales para que puedas contar con la calidad de Satisfyer ahora tambi\u00e9n en tus aventuras anales.<\/h3>\n","protected":false},"featured_media":5174,"template":"","meta":{"_et_pb_use_builder":"","_et_pb_old_content":"","_et_gb_content_width":"","_joinchat":[]},"product_brand":[],"product_cat":[28],"product_tag":[],"class_list":{"0":"post-5173","1":"product","2":"type-product","3":"status-publish","4":"has-post-thumbnail","6":"product_cat-consoladores-anales","8":"first","9":"instock","10":"shipping-taxable","11":"purchasable","12":"product-type-simple"},"_links":{"self":[{"href":"https:\/\/www.sexshop.com.ar\/web\/wp-json\/wp\/v2\/product\/5173","targetHints":{"allow":["GET"]}}],"collection":[{"href":"https:\/\/www.sexshop.com.ar\/web\/wp-json\/wp\/v2\/product"}],"about":[{"href":"https:\/\/www.sexshop.com.ar\/web\/wp-json\/wp\/v2\/types\/product"}],"wp:featuredmedia":[{"embeddable":true,"href":"https:\/\/www.sexshop.com.ar\/web\/wp-json\/wp\/v2\/media\/5174"}],"wp:attachment":[{"href":"https:\/\/www.sexshop.com.ar\/web\/wp-json\/wp\/v2\/media?parent=5173"}],"wp:term":[{"taxonomy":"product_brand","embeddable":true,"href":"https:\/\/www.sexshop.com.ar\/web\/wp-json\/wp\/v2\/product_brand?post=5173"},{"taxonomy":"product_cat","embeddable":true,"href":"https:\/\/www.sexshop.com.ar\/web\/wp-json\/wp\/v2\/product_cat?post=5173"},{"taxonomy":"product_tag","embeddable":true,"href":"https:\/\/www.sexshop.com.ar\/web\/wp-json\/wp\/v2\/product_tag?post=5173"}],"curies":[{"name":"wp","href":"https:\/\/api.w.org\/{rel}","templated":true}]}}