{"id":5203,"date":"2021-06-14T14:31:07","date_gmt":"2021-06-14T17:31:07","guid":{"rendered":"https:\/\/www.sexshop.com.ar\/web\/?post_type=product&#038;p=5203"},"modified":"2024-12-16T17:50:55","modified_gmt":"2024-12-16T20:50:55","slug":"anillo-magnum-de-doble-soporte-rojo","status":"publish","type":"product","link":"https:\/\/www.sexshop.com.ar\/web\/producto\/anillo-magnum-de-doble-soporte-rojo\/","title":{"rendered":"Anillo Magnum de doble soporte \u2013 Rojo"},"content":{"rendered":"<h3>Mejore sus relaciones sexuales con el anillo Magnum de doble soporte.\u00a0Este anillo para el pene de goma de gelatina, ancho, suave y libre de ftalatos se ajusta c\u00f3modamente en la base del pene, mientras que un anillo con textura nudosa se envuelve alrededor de los test\u00edculos para brindar apoyo y algo de estimulaci\u00f3n adicional.<\/h3>\n","protected":false},"excerpt":{"rendered":"<h3>SKU: SE-1460-11-3<\/h3>\n<h3>Soporte m\u00e1ximo con anillo potenciador el\u00e1stico extra ancho y anillo escroto para mayor estabilidad.<\/h3>\n","protected":false},"featured_media":5204,"template":"","meta":{"_et_pb_use_builder":"","_et_pb_old_content":"","_et_gb_content_width":"","_joinchat":[]},"product_brand":[],"product_cat":[26,33],"product_tag":[],"class_list":{"0":"post-5203","1":"product","2":"type-product","3":"status-publish","4":"has-post-thumbnail","6":"product_cat-anillos-peneanos","7":"product_cat-ellos","9":"first","10":"outofstock","11":"shipping-taxable","12":"purchasable","13":"product-type-simple"},"_links":{"self":[{"href":"https:\/\/www.sexshop.com.ar\/web\/wp-json\/wp\/v2\/product\/5203","targetHints":{"allow":["GET"]}}],"collection":[{"href":"https:\/\/www.sexshop.com.ar\/web\/wp-json\/wp\/v2\/product"}],"about":[{"href":"https:\/\/www.sexshop.com.ar\/web\/wp-json\/wp\/v2\/types\/product"}],"wp:featuredmedia":[{"embeddable":true,"href":"https:\/\/www.sexshop.com.ar\/web\/wp-json\/wp\/v2\/media\/5204"}],"wp:attachment":[{"href":"https:\/\/www.sexshop.com.ar\/web\/wp-json\/wp\/v2\/media?parent=5203"}],"wp:term":[{"taxonomy":"product_brand","embeddable":true,"href":"https:\/\/www.sexshop.com.ar\/web\/wp-json\/wp\/v2\/product_brand?post=5203"},{"taxonomy":"product_cat","embeddable":true,"href":"https:\/\/www.sexshop.com.ar\/web\/wp-json\/wp\/v2\/product_cat?post=5203"},{"taxonomy":"product_tag","embeddable":true,"href":"https:\/\/www.sexshop.com.ar\/web\/wp-json\/wp\/v2\/product_tag?post=5203"}],"curies":[{"name":"wp","href":"https:\/\/api.w.org\/{rel}","templated":true}]}}