{"id":5240,"date":"2021-06-21T16:16:18","date_gmt":"2021-06-21T19:16:18","guid":{"rendered":"https:\/\/www.sexshop.com.ar\/web\/?post_type=product&#038;p=5240"},"modified":"2026-03-23T12:34:11","modified_gmt":"2026-03-23T15:34:11","slug":"consolador-macizo-kong","status":"publish","type":"product","link":"https:\/\/www.sexshop.com.ar\/web\/producto\/consolador-macizo-kong\/","title":{"rendered":"Consolador Macizo Kong"},"content":{"rendered":"<h3><strong>CONSOLADOR KONG<\/strong><\/h3>\n<h3>Se siente como un pene verdadero, su firme erecci\u00f3n provoca sensaciones inigualables, le ocasionar\u00e1 m\u00faltiples orgasmo.\u00a0Artesanales, estos consoladores simulan el pene del hombre en todos sus detalles. Fabricaci\u00f3n artesanal.<\/h3>\n<h3><strong>Caracter\u00edsticas:<\/strong><\/h3>\n<ul>\n<li>\n<h3>Consolador<\/h3>\n<\/li>\n<li>\n<h3>Dise\u00f1o Real\u00edstico<\/h3>\n<\/li>\n<li>\n<h3>Color piel<\/h3>\n<\/li>\n<li>\n<h3>Textura suave<\/h3>\n<\/li>\n<li>\n<h3>Glande y test\u00edculos<\/h3>\n<\/li>\n<li>\n<h3>Ventosa adherente<\/h3>\n<\/li>\n<li>\n<h3>Material: Siliconado<\/h3>\n<\/li>\n<li>\n<h3>Apto uso arn\u00e9s<\/h3>\n<\/li>\n<\/ul>\n<h3><strong>Medidas:\u00a0<\/strong>20 cm x 5,5\u00a0cm<\/h3>\n","protected":false},"excerpt":{"rendered":"<p>SKU:\u00a02104 03<\/p>\n<h3><strong>CONSOLADOR KONG<\/strong><\/h3>\n<h3>Se siente como un pene verdadero, su firme erecci\u00f3n provoca sensaciones inigualables, le ocasionar\u00e1 m\u00faltiples or<\/h3>\n","protected":false},"featured_media":0,"template":"","meta":{"_et_pb_use_builder":"","_et_pb_old_content":"","_et_gb_content_width":"","_joinchat":[]},"product_brand":[],"product_cat":[29],"product_tag":[],"class_list":{"0":"post-5240","1":"product","2":"type-product","3":"status-publish","5":"product_cat-consoladores-y-dildos","7":"first","8":"instock","9":"shipping-taxable","10":"purchasable","11":"product-type-simple"},"_links":{"self":[{"href":"https:\/\/www.sexshop.com.ar\/web\/wp-json\/wp\/v2\/product\/5240","targetHints":{"allow":["GET"]}}],"collection":[{"href":"https:\/\/www.sexshop.com.ar\/web\/wp-json\/wp\/v2\/product"}],"about":[{"href":"https:\/\/www.sexshop.com.ar\/web\/wp-json\/wp\/v2\/types\/product"}],"wp:attachment":[{"href":"https:\/\/www.sexshop.com.ar\/web\/wp-json\/wp\/v2\/media?parent=5240"}],"wp:term":[{"taxonomy":"product_brand","embeddable":true,"href":"https:\/\/www.sexshop.com.ar\/web\/wp-json\/wp\/v2\/product_brand?post=5240"},{"taxonomy":"product_cat","embeddable":true,"href":"https:\/\/www.sexshop.com.ar\/web\/wp-json\/wp\/v2\/product_cat?post=5240"},{"taxonomy":"product_tag","embeddable":true,"href":"https:\/\/www.sexshop.com.ar\/web\/wp-json\/wp\/v2\/product_tag?post=5240"}],"curies":[{"name":"wp","href":"https:\/\/api.w.org\/{rel}","templated":true}]}}