{"id":5253,"date":"2021-06-22T14:58:09","date_gmt":"2021-06-22T17:58:09","guid":{"rendered":"https:\/\/www.sexshop.com.ar\/web\/?post_type=product&#038;p=5253"},"modified":"2025-02-03T18:19:06","modified_gmt":"2025-02-03T21:19:06","slug":"vibrador-pretty-love-gene","status":"publish","type":"product","link":"https:\/\/www.sexshop.com.ar\/web\/producto\/vibrador-pretty-love-gene\/","title":{"rendered":"VIBRADOR Gene 30 Funciones &#8211; Silicona"},"content":{"rendered":"<h3><em>\u00a0Fabricada con silicona de alta calidad es flexible y cuenta con 30 funciones de vibraci\u00f3n para que encentres tu favorito. Masajear\u00e1 tu punto G como ning\u00fan otro.<\/em><\/h3>\n<h3><em><strong>Caracter\u00edsticas:<\/strong><\/em><\/h3>\n<ul>\n<li>\n<h3><em>Vibrador femenino<\/em><\/h3>\n<\/li>\n<li>\n<h3><em>Estimulador del punto G<\/em><\/h3>\n<\/li>\n<li>\n<h3><em>Est\u00edmulo Clitorial con Orejitas<\/em><\/h3>\n<\/li>\n<li>\n<h3><em>30 funciones de vibraci\u00f3n<\/em><\/h3>\n<\/li>\n<li>\n<h3><em>Silicona suave<\/em><\/h3>\n<\/li>\n<li>\n<h3><em>Color Rosa<\/em><\/h3>\n<\/li>\n<li>\n<h3><em>2 Pilas AAA<\/em><\/h3>\n<\/li>\n<li>\n<h3><em>Libre de Ftalatos<\/em><\/h3>\n<\/li>\n<\/ul>\n<h3><em><strong>Medidas:<\/strong>\u00a020.5 cm x 3.4 cm<\/em><\/h3>\n<h3><em>Dise\u00f1ado en EEUU con las m\u00e1s estrictas normas de calidad.<\/em><\/h3>\n","protected":false},"excerpt":{"rendered":"<p>SKU: BI-014224<\/p>\n<h3><em>Disfruta como nunca con este vibrador dual con un estimulador para el cl\u00edtoris.\u00a0<\/em><\/h3>\n","protected":false},"featured_media":5254,"template":"","meta":{"_et_pb_use_builder":"","_et_pb_old_content":"","_et_gb_content_width":"","_joinchat":[]},"product_brand":[],"product_cat":[37,18],"product_tag":[],"class_list":{"0":"post-5253","1":"product","2":"type-product","3":"status-publish","4":"has-post-thumbnail","6":"product_cat-estimuladores-clitoriales","7":"product_cat-vibradores","9":"first","10":"instock","11":"shipping-taxable","12":"purchasable","13":"product-type-simple"},"_links":{"self":[{"href":"https:\/\/www.sexshop.com.ar\/web\/wp-json\/wp\/v2\/product\/5253","targetHints":{"allow":["GET"]}}],"collection":[{"href":"https:\/\/www.sexshop.com.ar\/web\/wp-json\/wp\/v2\/product"}],"about":[{"href":"https:\/\/www.sexshop.com.ar\/web\/wp-json\/wp\/v2\/types\/product"}],"wp:featuredmedia":[{"embeddable":true,"href":"https:\/\/www.sexshop.com.ar\/web\/wp-json\/wp\/v2\/media\/5254"}],"wp:attachment":[{"href":"https:\/\/www.sexshop.com.ar\/web\/wp-json\/wp\/v2\/media?parent=5253"}],"wp:term":[{"taxonomy":"product_brand","embeddable":true,"href":"https:\/\/www.sexshop.com.ar\/web\/wp-json\/wp\/v2\/product_brand?post=5253"},{"taxonomy":"product_cat","embeddable":true,"href":"https:\/\/www.sexshop.com.ar\/web\/wp-json\/wp\/v2\/product_cat?post=5253"},{"taxonomy":"product_tag","embeddable":true,"href":"https:\/\/www.sexshop.com.ar\/web\/wp-json\/wp\/v2\/product_tag?post=5253"}],"curies":[{"name":"wp","href":"https:\/\/api.w.org\/{rel}","templated":true}]}}