{"id":5259,"date":"2021-06-22T16:25:35","date_gmt":"2021-06-22T19:25:35","guid":{"rendered":"https:\/\/www.sexshop.com.ar\/web\/?post_type=product&#038;p=5259"},"modified":"2026-02-16T17:37:29","modified_gmt":"2026-02-16T20:37:29","slug":"vibrador-estimulador-blithe","status":"publish","type":"product","link":"https:\/\/www.sexshop.com.ar\/web\/producto\/vibrador-estimulador-blithe\/","title":{"rendered":"VIBRADOR ESTIMULADOR BLITHE"},"content":{"rendered":"<h3><em><strong>PRETTY LOVE\u00a0BLITHE<\/strong><\/em><\/h3>\n<h3><em>Su cuerpo siliconado posee una punta en forma de\u00a0glande para una estimulaci\u00f3n en el Cl\u00edtoris y en el Punto G. Sus 10 funciones de vibraci\u00f3n est\u00e1n pensadas para hacerte gozar. Recuerda que es impermeable, as\u00ed que no dudes en usarlo en la ducha para emociones extras.<\/em><\/h3>\n<h3><em><strong>Caracter\u00edsticas:<\/strong><\/em><\/h3>\n<ul>\n<li>\n<h3><em>Vibrador mujer<\/em><\/h3>\n<\/li>\n<li>\n<h3><em>Est\u00edmulo Cl\u00edtoris y Punto G<\/em><\/h3>\n<\/li>\n<li>\n<h3><em>10 funciones de vibraci\u00f3n<\/em><\/h3>\n<\/li>\n<li>\n<h3><em>Impermeable<\/em><\/h3>\n<\/li>\n<li>\n<h3><em>Material: Silicona<\/em><\/h3>\n<\/li>\n<li>\n<h3><em>Seguro al cuerpo<\/em><\/h3>\n<\/li>\n<li>\n<h3><em>Libre de Ftalatos<\/em><\/h3>\n<\/li>\n<li>\n<h3><em>1 Pila AAA<\/em><\/h3>\n<\/li>\n<\/ul>\n<h3><em><strong>Medidas:<\/strong>\u00a011\u00a0cm x 2,1\u00a0cm<\/em><\/h3>\n<h3><em>Dise\u00f1ado en EEUU con las m\u00e1s altas normas de calidad.<\/em><\/h3>\n","protected":false},"excerpt":{"rendered":"<p>SKU: BI-014291<\/p>\n<h3><em>Al vibrador cl\u00e1sico le hemos dado un giro, Blithe es peque\u00f1o, tierno y suave.\u00a0<\/em><\/h3>\n","protected":false},"featured_media":5260,"template":"","meta":{"_et_pb_use_builder":"","_et_pb_old_content":"","_et_gb_content_width":"","_joinchat":[]},"product_brand":[],"product_cat":[37,18],"product_tag":[],"class_list":{"0":"post-5259","1":"product","2":"type-product","3":"status-publish","4":"has-post-thumbnail","6":"product_cat-estimuladores-clitoriales","7":"product_cat-vibradores","9":"first","10":"instock","11":"shipping-taxable","12":"purchasable","13":"product-type-simple"},"_links":{"self":[{"href":"https:\/\/www.sexshop.com.ar\/web\/wp-json\/wp\/v2\/product\/5259","targetHints":{"allow":["GET"]}}],"collection":[{"href":"https:\/\/www.sexshop.com.ar\/web\/wp-json\/wp\/v2\/product"}],"about":[{"href":"https:\/\/www.sexshop.com.ar\/web\/wp-json\/wp\/v2\/types\/product"}],"wp:featuredmedia":[{"embeddable":true,"href":"https:\/\/www.sexshop.com.ar\/web\/wp-json\/wp\/v2\/media\/5260"}],"wp:attachment":[{"href":"https:\/\/www.sexshop.com.ar\/web\/wp-json\/wp\/v2\/media?parent=5259"}],"wp:term":[{"taxonomy":"product_brand","embeddable":true,"href":"https:\/\/www.sexshop.com.ar\/web\/wp-json\/wp\/v2\/product_brand?post=5259"},{"taxonomy":"product_cat","embeddable":true,"href":"https:\/\/www.sexshop.com.ar\/web\/wp-json\/wp\/v2\/product_cat?post=5259"},{"taxonomy":"product_tag","embeddable":true,"href":"https:\/\/www.sexshop.com.ar\/web\/wp-json\/wp\/v2\/product_tag?post=5259"}],"curies":[{"name":"wp","href":"https:\/\/api.w.org\/{rel}","templated":true}]}}