{"id":5264,"date":"2021-06-22T16:53:31","date_gmt":"2021-06-22T19:53:31","guid":{"rendered":"https:\/\/www.sexshop.com.ar\/web\/?post_type=product&#038;p=5264"},"modified":"2024-12-16T17:40:21","modified_gmt":"2024-12-16T20:40:21","slug":"anillo-erector","status":"publish","type":"product","link":"https:\/\/www.sexshop.com.ar\/web\/producto\/anillo-erector\/","title":{"rendered":"ANILLO ERECTOR"},"content":{"rendered":"<h3><em><strong>ERECTION RING<\/strong><\/em><\/h3>\n<h3><em>Econ\u00f3mico y muy rendidor. Se coloca en la base del pene y detr\u00e1s del escroto, te dar\u00e1 una im\u00e1gen de super m\u00e1quina y te dejar\u00e1 durar m\u00e1s tiempo haciendo gozar a tu pareja. Elegir este anillo es elegir rendir mejor.<\/em><\/h3>\n<h3><em><strong>Caracter\u00edsticas:<\/strong><\/em><\/h3>\n<ul>\n<li>\n<h3><em>Anillo peneano<\/em><\/h3>\n<\/li>\n<li>\n<h3><em>Retrasa eyaculaci\u00f3n<\/em><\/h3>\n<\/li>\n<li>\n<h3><em>Prolonga erecci\u00f3n<\/em><\/h3>\n<\/li>\n<li>\n<h3><em>Silicona, estirable.<\/em><\/h3>\n<\/li>\n<li>\n<h3><em>Seguro al cuerpo<\/em><\/h3>\n<\/li>\n<li>\n<h3><em>Libre de ftalatos<\/em><\/h3>\n<\/li>\n<li>\n<h3><em>Peso: 10 gr.<\/em><\/h3>\n<\/li>\n<\/ul>\n<h3><em><strong>Medidas:<\/strong>\u00a08,3 cm x 3,8 cm x 0,6 cm<\/em><\/h3>\n<h3><em>Alcanz\u00e1 tu mejor orgasmo \u00a1disfr\u00fatalo!<\/em><\/h3>\n","protected":false},"excerpt":{"rendered":"<p>SKU: BI-014361<\/p>\n<h3><em>Endurecete y dur\u00e1 m\u00e1s tiempo con este anillo de silicona especial para potenciar erecciones.<\/em><\/h3>\n","protected":false},"featured_media":5265,"template":"","meta":{"_et_pb_use_builder":"","_et_pb_old_content":"","_et_gb_content_width":"","_joinchat":[]},"product_brand":[],"product_cat":[24,26,33],"product_tag":[],"class_list":{"0":"post-5264","1":"product","2":"type-product","3":"status-publish","4":"has-post-thumbnail","6":"product_cat-accesorios","7":"product_cat-anillos-peneanos","8":"product_cat-ellos","10":"first","11":"instock","12":"shipping-taxable","13":"purchasable","14":"product-type-simple"},"_links":{"self":[{"href":"https:\/\/www.sexshop.com.ar\/web\/wp-json\/wp\/v2\/product\/5264","targetHints":{"allow":["GET"]}}],"collection":[{"href":"https:\/\/www.sexshop.com.ar\/web\/wp-json\/wp\/v2\/product"}],"about":[{"href":"https:\/\/www.sexshop.com.ar\/web\/wp-json\/wp\/v2\/types\/product"}],"wp:featuredmedia":[{"embeddable":true,"href":"https:\/\/www.sexshop.com.ar\/web\/wp-json\/wp\/v2\/media\/5265"}],"wp:attachment":[{"href":"https:\/\/www.sexshop.com.ar\/web\/wp-json\/wp\/v2\/media?parent=5264"}],"wp:term":[{"taxonomy":"product_brand","embeddable":true,"href":"https:\/\/www.sexshop.com.ar\/web\/wp-json\/wp\/v2\/product_brand?post=5264"},{"taxonomy":"product_cat","embeddable":true,"href":"https:\/\/www.sexshop.com.ar\/web\/wp-json\/wp\/v2\/product_cat?post=5264"},{"taxonomy":"product_tag","embeddable":true,"href":"https:\/\/www.sexshop.com.ar\/web\/wp-json\/wp\/v2\/product_tag?post=5264"}],"curies":[{"name":"wp","href":"https:\/\/api.w.org\/{rel}","templated":true}]}}