{"id":5287,"date":"2021-06-23T16:24:35","date_gmt":"2021-06-23T19:24:35","guid":{"rendered":"https:\/\/www.sexshop.com.ar\/web\/?post_type=product&#038;p=5287"},"modified":"2025-02-03T18:16:58","modified_gmt":"2025-02-03T21:16:58","slug":"vibrador-elemental-30-funciones","status":"publish","type":"product","link":"https:\/\/www.sexshop.com.ar\/web\/producto\/vibrador-elemental-30-funciones\/","title":{"rendered":"VIBRADOR Elemental 30 FUNCIONES"},"content":{"rendered":"<h3><strong>\u00a0ELEMENTAL<\/strong><\/h3>\n<h3><em>Cuenta con un cuerpo curvo en forma de pene,\u00a0dise\u00f1ado para masajear tus zonas er\u00f3genas para un plus en placer. Fabricado con una silicona de alta calidad que te dejar\u00e1 sin palabras.<\/em><\/h3>\n<h3><em><strong>Caracter\u00edsticas:<\/strong><\/em><\/h3>\n<ul>\n<li>\n<h3><em>Consolador vibrador femenino<\/em><\/h3>\n<\/li>\n<li>\n<h3><em>Estimulo Punto G<\/em><\/h3>\n<\/li>\n<li>\n<h3><em>30 funciones de vibraci\u00f3n<\/em><\/h3>\n<\/li>\n<li>\n<h3><em>Silicona suave<\/em><\/h3>\n<\/li>\n<li>\n<h3><em>LIbre de Ftalatos<\/em><\/h3>\n<\/li>\n<li>\n<h3><em>2 Pilas AAA\u00a0<\/em><\/h3>\n<\/li>\n<li>\n<h3><em>Seguro al cuerpo<\/em><\/h3>\n<\/li>\n<li>\n<h3><em>Peso: 110 gr.<\/em><\/h3>\n<\/li>\n<\/ul>\n<h3><em><strong>Medidas:\u00a0<\/strong><\/em><\/h3>\n<ul>\n<li>\n<h3><em>Total: 19\u00a0cm x 3,2\u00a0cm<\/em><\/h3>\n<\/li>\n<li>\n<h3><em>Insertable: 13 cm<\/em><\/h3>\n<\/li>\n<\/ul>\n<h3><em>Dise\u00f1ado en EEUU bajo los mejores est\u00e1ndares de calidad.<\/em><\/h3>\n<h3><em>Alcanza tu mejor orgasmo \u00a1Disfr\u00fatalo!<\/em><\/h3>\n","protected":false},"excerpt":{"rendered":"<p>SKU: BI-014812<\/p>\n<h3><em>Disfruta con este consolador vibrador con 30 funciones que har\u00e1n que viajes a mundos que no conoc\u00edas.\u00a0<\/em><\/h3>\n","protected":false},"featured_media":6321,"template":"","meta":{"_et_pb_use_builder":"","_et_pb_old_content":"","_et_gb_content_width":"","_joinchat":[]},"product_brand":[],"product_cat":[32,18],"product_tag":[],"class_list":{"0":"post-5287","1":"product","2":"type-product","3":"status-publish","4":"has-post-thumbnail","6":"product_cat-ellas","7":"product_cat-vibradores","9":"first","10":"instock","11":"shipping-taxable","12":"purchasable","13":"product-type-simple"},"_links":{"self":[{"href":"https:\/\/www.sexshop.com.ar\/web\/wp-json\/wp\/v2\/product\/5287","targetHints":{"allow":["GET"]}}],"collection":[{"href":"https:\/\/www.sexshop.com.ar\/web\/wp-json\/wp\/v2\/product"}],"about":[{"href":"https:\/\/www.sexshop.com.ar\/web\/wp-json\/wp\/v2\/types\/product"}],"wp:featuredmedia":[{"embeddable":true,"href":"https:\/\/www.sexshop.com.ar\/web\/wp-json\/wp\/v2\/media\/6321"}],"wp:attachment":[{"href":"https:\/\/www.sexshop.com.ar\/web\/wp-json\/wp\/v2\/media?parent=5287"}],"wp:term":[{"taxonomy":"product_brand","embeddable":true,"href":"https:\/\/www.sexshop.com.ar\/web\/wp-json\/wp\/v2\/product_brand?post=5287"},{"taxonomy":"product_cat","embeddable":true,"href":"https:\/\/www.sexshop.com.ar\/web\/wp-json\/wp\/v2\/product_cat?post=5287"},{"taxonomy":"product_tag","embeddable":true,"href":"https:\/\/www.sexshop.com.ar\/web\/wp-json\/wp\/v2\/product_tag?post=5287"}],"curies":[{"name":"wp","href":"https:\/\/api.w.org\/{rel}","templated":true}]}}