{"id":530,"date":"2018-05-10T11:00:16","date_gmt":"2018-05-10T14:00:16","guid":{"rendered":"https:\/\/www.sexshop.com.ar\/web\/?post_type=product&#038;p=530"},"modified":"2024-12-16T17:41:03","modified_gmt":"2024-12-16T20:41:03","slug":"stud","status":"publish","type":"product","link":"https:\/\/www.sexshop.com.ar\/web\/producto\/stud\/","title":{"rendered":"Anillo Lazo, Ajustable"},"content":{"rendered":"<p>De suave l\u00e1tex, para lograr la mejor adaptaci\u00f3n permitiendo alcanzar un incre\u00edble nivel de erecci\u00f3n y retardar significativamente la eyaculaci\u00f3n. Obtendr\u00e1 resultados impensados<\/p>\n","protected":false},"excerpt":{"rendered":"<p>De suave l\u00e1tex, para lograr la mejor adaptaci\u00f3n permitiendo alcanzar un incre\u00edble nivel de erecci\u00f3n y retardar significativamente la eyaculaci\u00f3n. Obtendr\u00e1 resultados impensados<\/p>\n","protected":false},"featured_media":531,"template":"","meta":{"_et_pb_use_builder":"","_et_pb_old_content":"","_et_gb_content_width":"","_joinchat":[]},"product_brand":[],"product_cat":[24,26],"product_tag":[],"class_list":{"0":"post-530","1":"product","2":"type-product","3":"status-publish","4":"has-post-thumbnail","6":"product_cat-accesorios","7":"product_cat-anillos-peneanos","9":"first","10":"instock","11":"shipping-taxable","12":"purchasable","13":"product-type-simple"},"_links":{"self":[{"href":"https:\/\/www.sexshop.com.ar\/web\/wp-json\/wp\/v2\/product\/530","targetHints":{"allow":["GET"]}}],"collection":[{"href":"https:\/\/www.sexshop.com.ar\/web\/wp-json\/wp\/v2\/product"}],"about":[{"href":"https:\/\/www.sexshop.com.ar\/web\/wp-json\/wp\/v2\/types\/product"}],"wp:featuredmedia":[{"embeddable":true,"href":"https:\/\/www.sexshop.com.ar\/web\/wp-json\/wp\/v2\/media\/531"}],"wp:attachment":[{"href":"https:\/\/www.sexshop.com.ar\/web\/wp-json\/wp\/v2\/media?parent=530"}],"wp:term":[{"taxonomy":"product_brand","embeddable":true,"href":"https:\/\/www.sexshop.com.ar\/web\/wp-json\/wp\/v2\/product_brand?post=530"},{"taxonomy":"product_cat","embeddable":true,"href":"https:\/\/www.sexshop.com.ar\/web\/wp-json\/wp\/v2\/product_cat?post=530"},{"taxonomy":"product_tag","embeddable":true,"href":"https:\/\/www.sexshop.com.ar\/web\/wp-json\/wp\/v2\/product_tag?post=530"}],"curies":[{"name":"wp","href":"https:\/\/api.w.org\/{rel}","templated":true}]}}