{"id":5314,"date":"2021-06-24T16:54:56","date_gmt":"2021-06-24T19:54:56","guid":{"rendered":"https:\/\/www.sexshop.com.ar\/web\/?post_type=product&#038;p=5314"},"modified":"2026-04-20T12:44:24","modified_gmt":"2026-04-20T15:44:24","slug":"double-penetrator-fantasy-c-ringz","status":"publish","type":"product","link":"https:\/\/www.sexshop.com.ar\/web\/producto\/double-penetrator-fantasy-c-ringz\/","title":{"rendered":"Double Penetrator Fantasy C-Ringz"},"content":{"rendered":"<h3><em>El anillo el\u00e1stico de silicona para el pene pone una pinza en las bajadas de rendimiento al apretar firmemente su eje, y prolongar\u00e1 tu erecci\u00f3n\u00a0mientras que el consolador con protuberancias\u00a0brinda una estimulaci\u00f3n adicional durante la doble penetraci\u00f3n. Las v\u00e9rtebras incorporadas en su interior te permiten colocarlo en cualquier posici\u00f3n, apuntando a los puntos m\u00e1s sensibles de tu pareja con cada empuje. \u00a1El anillo vibrador te mantiene m\u00e1s tiempo y m\u00e1s fuerte que nunca mientras ambos disfrutan de vibraciones alucinantes donde m\u00e1s las quiere!<\/em><\/h3>\n<h3><em><strong>Caracter\u00edsticas:<\/strong><\/em><\/h3>\n<ul>\n<li>\n<h3><em>Consolador con anillo para doble penetraci\u00f3n<\/em><\/h3>\n<\/li>\n<li>\n<h3><em>Vibraci\u00f3n<\/em><\/h3>\n<\/li>\n<li>\n<h3><em>Incluye pilas (3 x LR44)<\/em><\/h3>\n<\/li>\n<li>\n<h3><em>Anillo de silicona, ajustable.\u00a0<\/em><\/h3>\n<\/li>\n<li>\n<h3><em>Dildo flexible, vertebrado.<\/em><\/h3>\n<\/li>\n<li>\n<h3><em>Material: Silicona Elite \/ ABS<\/em><\/h3>\n<\/li>\n<li>\n<h3><em>Color: Negro<\/em><\/h3>\n<\/li>\n<li>\n<h3><em>Libre de Flalatos<\/em><\/h3>\n<\/li>\n<li>\n<h3><em>Impermeable, apto uso en la ducha.<\/em><\/h3>\n<\/li>\n<li>\n<h3><em>Seguro al cuerpo.<\/em><\/h3>\n<\/li>\n<\/ul>\n<h3><em><strong>Medidas:\u00a0<\/strong><\/em><\/h3>\n<ul>\n<li>\n<h3><em>Anillo: Diametro 3 cm<\/em><\/h3>\n<\/li>\n<li>\n<h3><em>Dildo: Insertable 12,7 cm x 2,7 cm<\/em><\/h3>\n<\/li>\n<\/ul>\n<h3><em>Alcanza el mejor orgasmo \u00a1Disfr\u00fatalo!<\/em><\/h3>\n","protected":false},"excerpt":{"rendered":"<p>SKU: PD5930-23<\/p>\n<h3><em>Duplica el placer y duplica la diversi\u00f3n con el incre\u00edble Double Penetrator!\u00a0Este penetrador cuenta con un estimulador de silicona flexible que permanece en su lugar en cualquier posici\u00f3n que lo coloques.\u00a0<\/em><\/h3>\n","protected":false},"featured_media":8055,"template":"","meta":{"_et_pb_use_builder":"","_et_pb_old_content":"","_et_gb_content_width":"","_joinchat":[]},"product_brand":[],"product_cat":[28,26,29,32,33,37,18],"product_tag":[],"class_list":{"0":"post-5314","1":"product","2":"type-product","3":"status-publish","4":"has-post-thumbnail","6":"product_cat-consoladores-anales","7":"product_cat-anillos-peneanos","8":"product_cat-consoladores-y-dildos","9":"product_cat-ellas","10":"product_cat-ellos","11":"product_cat-estimuladores-clitoriales","12":"product_cat-vibradores","14":"first","15":"instock","16":"shipping-taxable","17":"purchasable","18":"product-type-simple"},"_links":{"self":[{"href":"https:\/\/www.sexshop.com.ar\/web\/wp-json\/wp\/v2\/product\/5314","targetHints":{"allow":["GET"]}}],"collection":[{"href":"https:\/\/www.sexshop.com.ar\/web\/wp-json\/wp\/v2\/product"}],"about":[{"href":"https:\/\/www.sexshop.com.ar\/web\/wp-json\/wp\/v2\/types\/product"}],"wp:featuredmedia":[{"embeddable":true,"href":"https:\/\/www.sexshop.com.ar\/web\/wp-json\/wp\/v2\/media\/8055"}],"wp:attachment":[{"href":"https:\/\/www.sexshop.com.ar\/web\/wp-json\/wp\/v2\/media?parent=5314"}],"wp:term":[{"taxonomy":"product_brand","embeddable":true,"href":"https:\/\/www.sexshop.com.ar\/web\/wp-json\/wp\/v2\/product_brand?post=5314"},{"taxonomy":"product_cat","embeddable":true,"href":"https:\/\/www.sexshop.com.ar\/web\/wp-json\/wp\/v2\/product_cat?post=5314"},{"taxonomy":"product_tag","embeddable":true,"href":"https:\/\/www.sexshop.com.ar\/web\/wp-json\/wp\/v2\/product_tag?post=5314"}],"curies":[{"name":"wp","href":"https:\/\/api.w.org\/{rel}","templated":true}]}}