{"id":5325,"date":"2021-06-28T15:35:35","date_gmt":"2021-06-28T18:35:35","guid":{"rendered":"https:\/\/www.sexshop.com.ar\/web\/?post_type=product&#038;p=5325"},"modified":"2025-02-03T11:56:53","modified_gmt":"2025-02-03T14:56:53","slug":"monster-plug-anal-escalonado-xl","status":"publish","type":"product","link":"https:\/\/www.sexshop.com.ar\/web\/producto\/monster-plug-anal-escalonado-xl\/","title":{"rendered":"MONSTER PLUG ANAL ESCALONADO XL"},"content":{"rendered":"<h3><em>Su forma escalonada facilita la inserci\u00f3n y la dilataci\u00f3n progresiva, y su base ancha sirve como tope de seguridad para usarse sin temor de inserci\u00f3n total.<\/em><br \/>\n<em>Su medida es de 15 cm. Se recomienda el uso de lubricantes Anal Lub, ya que el ano no se lubrica por s\u00ed solo. Para los juguetes a<\/em><em>nales se recomienda lubricantes al agua.<\/em><\/h3>\n<h3><em>\u00a0<\/em>Tipo: Anal Sin Vibro.<\/h3>\n<h3>Medida: 15 cm.<\/h3>\n<h3>Di\u00e1metro escalonado: 3,5 cm a 6 cm.<\/h3>\n<h3>Material PVC.<\/h3>\n<h3>Phthalate Free \/ Libre Ftalato.<\/h3>\n","protected":false},"excerpt":{"rendered":"<p>SKU\u00a0 00-171-22<\/p>\n<h2><em>Plug dise\u00f1ado para la penetraci\u00f3n anal, para ambos sexos<\/em><\/h2>\n","protected":false},"featured_media":5326,"template":"","meta":{"_et_pb_use_builder":"","_et_pb_old_content":"","_et_gb_content_width":"","_joinchat":[]},"product_brand":[],"product_cat":[28,29],"product_tag":[],"class_list":{"0":"post-5325","1":"product","2":"type-product","3":"status-publish","4":"has-post-thumbnail","6":"product_cat-consoladores-anales","7":"product_cat-consoladores-y-dildos","9":"first","10":"instock","11":"shipping-taxable","12":"purchasable","13":"product-type-simple"},"_links":{"self":[{"href":"https:\/\/www.sexshop.com.ar\/web\/wp-json\/wp\/v2\/product\/5325","targetHints":{"allow":["GET"]}}],"collection":[{"href":"https:\/\/www.sexshop.com.ar\/web\/wp-json\/wp\/v2\/product"}],"about":[{"href":"https:\/\/www.sexshop.com.ar\/web\/wp-json\/wp\/v2\/types\/product"}],"wp:featuredmedia":[{"embeddable":true,"href":"https:\/\/www.sexshop.com.ar\/web\/wp-json\/wp\/v2\/media\/5326"}],"wp:attachment":[{"href":"https:\/\/www.sexshop.com.ar\/web\/wp-json\/wp\/v2\/media?parent=5325"}],"wp:term":[{"taxonomy":"product_brand","embeddable":true,"href":"https:\/\/www.sexshop.com.ar\/web\/wp-json\/wp\/v2\/product_brand?post=5325"},{"taxonomy":"product_cat","embeddable":true,"href":"https:\/\/www.sexshop.com.ar\/web\/wp-json\/wp\/v2\/product_cat?post=5325"},{"taxonomy":"product_tag","embeddable":true,"href":"https:\/\/www.sexshop.com.ar\/web\/wp-json\/wp\/v2\/product_tag?post=5325"}],"curies":[{"name":"wp","href":"https:\/\/api.w.org\/{rel}","templated":true}]}}