{"id":5340,"date":"2021-07-09T16:35:19","date_gmt":"2021-07-09T19:35:19","guid":{"rendered":"https:\/\/www.sexshop.com.ar\/web\/?post_type=product&#038;p=5340"},"modified":"2025-01-27T11:26:47","modified_gmt":"2025-01-27T14:26:47","slug":"inexpulsable-mediano-piel","status":"publish","type":"product","link":"https:\/\/www.sexshop.com.ar\/web\/producto\/inexpulsable-mediano-piel\/","title":{"rendered":"INEXPULSABLE MEDIANO PIEL"},"content":{"rendered":"<h4><em>Es ideal para dilatar la zona aunque hay que ser cuidadosos, pacientes y ayudar a que esa dilataci\u00f3n se produzca de la forma m\u00e1s natural posible.\u00a0<\/em><br \/>\n<em>Modo de uso: se comienza lubricando el juguete, y se introduce la cantidad de esferas que se pueda; sin forzar demasiado la penetraci\u00f3n. Quien este utilizando el juguete debe realizar contracciones con los m\u00fasculos anales de forma repetida, como si presionara el juguete con el ano. Una vez que se haya logrado introducir todo el juguete se puede comenzar la penetraci\u00f3n anal con el pene o un juguete m\u00e1s grande.\u00a0<\/em><br \/>\n<em>Si la penetraci\u00f3n anal se pr\u00e1ctica de forma espor\u00e1dica, se pierde la dilataci\u00f3n lograda. Es importante mantener la zona anal estimulada para evitar volver a cero, por lo que este juguete es necesario tenerlo siempre al alcance de nuestras manos.<\/em><br \/>\n<em>Su medida es de 14 cm y 2,5\u00a0 cm de di\u00e1metro. para vivir un juego sexual mucho m\u00e1s desafiante se recomienda el uso de lubricantes Anal sex.<\/em><\/h4>\n","protected":false},"excerpt":{"rendered":"<p>00-106-21<\/p>\n<p>El inexpulsable es una buena opci\u00f3n cuando no se tiene experiencia en la penetraci\u00f3n anal.<\/p>\n","protected":false},"featured_media":5341,"template":"","meta":{"_et_pb_use_builder":"","_et_pb_old_content":"","_et_gb_content_width":"","_joinchat":[]},"product_brand":[],"product_cat":[28],"product_tag":[],"class_list":{"0":"post-5340","1":"product","2":"type-product","3":"status-publish","4":"has-post-thumbnail","6":"product_cat-consoladores-anales","8":"first","9":"instock","10":"shipping-taxable","11":"purchasable","12":"product-type-simple"},"_links":{"self":[{"href":"https:\/\/www.sexshop.com.ar\/web\/wp-json\/wp\/v2\/product\/5340","targetHints":{"allow":["GET"]}}],"collection":[{"href":"https:\/\/www.sexshop.com.ar\/web\/wp-json\/wp\/v2\/product"}],"about":[{"href":"https:\/\/www.sexshop.com.ar\/web\/wp-json\/wp\/v2\/types\/product"}],"wp:featuredmedia":[{"embeddable":true,"href":"https:\/\/www.sexshop.com.ar\/web\/wp-json\/wp\/v2\/media\/5341"}],"wp:attachment":[{"href":"https:\/\/www.sexshop.com.ar\/web\/wp-json\/wp\/v2\/media?parent=5340"}],"wp:term":[{"taxonomy":"product_brand","embeddable":true,"href":"https:\/\/www.sexshop.com.ar\/web\/wp-json\/wp\/v2\/product_brand?post=5340"},{"taxonomy":"product_cat","embeddable":true,"href":"https:\/\/www.sexshop.com.ar\/web\/wp-json\/wp\/v2\/product_cat?post=5340"},{"taxonomy":"product_tag","embeddable":true,"href":"https:\/\/www.sexshop.com.ar\/web\/wp-json\/wp\/v2\/product_tag?post=5340"}],"curies":[{"name":"wp","href":"https:\/\/api.w.org\/{rel}","templated":true}]}}