{"id":5342,"date":"2021-07-10T13:46:59","date_gmt":"2021-07-10T16:46:59","guid":{"rendered":"https:\/\/www.sexshop.com.ar\/web\/?post_type=product&#038;p=5342"},"modified":"2025-01-20T16:26:49","modified_gmt":"2025-01-20T19:26:49","slug":"macizo-geminis-rojo","status":"publish","type":"product","link":"https:\/\/www.sexshop.com.ar\/web\/producto\/macizo-geminis-rojo\/","title":{"rendered":"MACIZO GEMINIS ROJO"},"content":{"rendered":"<h3><em>Macizo Geminis Rojo.<\/em><\/h3>\n<h3>\n<em>Este consolador macizo se adapta a la temperatura corporal brindando placer a la pareja. El macizo es compatible con arn\u00e9s. Este tama\u00f1o podes encontrarlo tambi\u00e9n en color piel. Se recomienda el uso de lubricantes al agua.<\/em><br \/>\n<em>Tipo: Dildo sin vibro.<\/em><br \/>\n<em>Medida: 20 cm x 3,5 \u00d8.<\/em><br \/>\n<em>Phthalate Free \/ Libre Ftalato.<\/em><\/h3>\n","protected":false},"excerpt":{"rendered":"<p>SKU\u00a0 00-603-54<\/p>\n<h2>De textura suave y sin perder rigidez<\/h2>\n","protected":false},"featured_media":5343,"template":"","meta":{"_et_pb_use_builder":"","_et_pb_old_content":"","_et_gb_content_width":"","_joinchat":[]},"product_brand":[],"product_cat":[47,29],"product_tag":[],"class_list":{"0":"post-5342","1":"product","2":"type-product","3":"status-publish","4":"has-post-thumbnail","6":"product_cat-consoladores-jelly","7":"product_cat-consoladores-y-dildos","9":"first","10":"instock","11":"shipping-taxable","12":"purchasable","13":"product-type-simple"},"_links":{"self":[{"href":"https:\/\/www.sexshop.com.ar\/web\/wp-json\/wp\/v2\/product\/5342","targetHints":{"allow":["GET"]}}],"collection":[{"href":"https:\/\/www.sexshop.com.ar\/web\/wp-json\/wp\/v2\/product"}],"about":[{"href":"https:\/\/www.sexshop.com.ar\/web\/wp-json\/wp\/v2\/types\/product"}],"wp:featuredmedia":[{"embeddable":true,"href":"https:\/\/www.sexshop.com.ar\/web\/wp-json\/wp\/v2\/media\/5343"}],"wp:attachment":[{"href":"https:\/\/www.sexshop.com.ar\/web\/wp-json\/wp\/v2\/media?parent=5342"}],"wp:term":[{"taxonomy":"product_brand","embeddable":true,"href":"https:\/\/www.sexshop.com.ar\/web\/wp-json\/wp\/v2\/product_brand?post=5342"},{"taxonomy":"product_cat","embeddable":true,"href":"https:\/\/www.sexshop.com.ar\/web\/wp-json\/wp\/v2\/product_cat?post=5342"},{"taxonomy":"product_tag","embeddable":true,"href":"https:\/\/www.sexshop.com.ar\/web\/wp-json\/wp\/v2\/product_tag?post=5342"}],"curies":[{"name":"wp","href":"https:\/\/api.w.org\/{rel}","templated":true}]}}