{"id":5463,"date":"2021-07-30T10:41:27","date_gmt":"2021-07-30T13:41:27","guid":{"rendered":"https:\/\/www.sexshop.com.ar\/web\/?post_type=product&#038;p=5463"},"modified":"2026-02-09T10:51:12","modified_gmt":"2026-02-09T13:51:12","slug":"conjunto-conejita-con-medias","status":"publish","type":"product","link":"https:\/\/www.sexshop.com.ar\/web\/producto\/conjunto-conejita-con-medias\/","title":{"rendered":"Conjunto \u00abConejita\u00bb con medias"},"content":{"rendered":"","protected":false},"excerpt":{"rendered":"<h3>Conjunto \u00abConejita\u00bb con medias.<\/h3>\n<p>SKU 717<\/p>\n<h3>Es un fabuloso conjunto de lencer\u00eda de dise\u00f1o espectacularmente sexy con el que te convertir\u00e1s en una bomba de seducci\u00f3n,<\/h3>\n<p><b><span style=\"font-size: small\">talle:\u00a0<\/span><\/b><span style=\"font-size: small\">\u00fanico<\/span><\/p>\n<p><b><span style=\"font-size: small\">color:\u00a0<\/span><\/b><span style=\"font-size: small\">blanco<\/span><\/p>\n<p>&nbsp;<\/p>\n","protected":false},"featured_media":5464,"template":"","meta":{"_et_pb_use_builder":"","_et_pb_old_content":"","_et_gb_content_width":"","_joinchat":[]},"product_brand":[],"product_cat":[40],"product_tag":[],"class_list":{"0":"post-5463","1":"product","2":"type-product","3":"status-publish","4":"has-post-thumbnail","6":"product_cat-lenceria-erotica-ellas","8":"first","9":"instock","10":"shipping-taxable","11":"purchasable","12":"product-type-simple"},"_links":{"self":[{"href":"https:\/\/www.sexshop.com.ar\/web\/wp-json\/wp\/v2\/product\/5463","targetHints":{"allow":["GET"]}}],"collection":[{"href":"https:\/\/www.sexshop.com.ar\/web\/wp-json\/wp\/v2\/product"}],"about":[{"href":"https:\/\/www.sexshop.com.ar\/web\/wp-json\/wp\/v2\/types\/product"}],"wp:featuredmedia":[{"embeddable":true,"href":"https:\/\/www.sexshop.com.ar\/web\/wp-json\/wp\/v2\/media\/5464"}],"wp:attachment":[{"href":"https:\/\/www.sexshop.com.ar\/web\/wp-json\/wp\/v2\/media?parent=5463"}],"wp:term":[{"taxonomy":"product_brand","embeddable":true,"href":"https:\/\/www.sexshop.com.ar\/web\/wp-json\/wp\/v2\/product_brand?post=5463"},{"taxonomy":"product_cat","embeddable":true,"href":"https:\/\/www.sexshop.com.ar\/web\/wp-json\/wp\/v2\/product_cat?post=5463"},{"taxonomy":"product_tag","embeddable":true,"href":"https:\/\/www.sexshop.com.ar\/web\/wp-json\/wp\/v2\/product_tag?post=5463"}],"curies":[{"name":"wp","href":"https:\/\/api.w.org\/{rel}","templated":true}]}}