{"id":5541,"date":"2021-08-02T13:29:34","date_gmt":"2021-08-02T16:29:34","guid":{"rendered":"https:\/\/www.sexshop.com.ar\/web\/?post_type=product&#038;p=5541"},"modified":"2025-02-03T12:26:27","modified_gmt":"2025-02-03T15:26:27","slug":"prueba-de-agua","status":"publish","type":"product","link":"https:\/\/www.sexshop.com.ar\/web\/producto\/prueba-de-agua\/","title":{"rendered":"SUCK AMERICANO XL PIEL"},"content":{"rendered":"<p><b>Suck Americano Extra Large Piel.\u00a0<\/b><\/p>\n<p>Este\u00a0suck americano color piel perteneciente a la l\u00ednea classic posee una textura siliconada y suave que se\u00a0adapta a la temperatura corporal brindando placer a la pareja. Su forma anat\u00f3mica\u00a0y sus venas intensificar\u00e1n el momento de pasi\u00f3n. Adem\u00e1s, posee sopapa\u00a0para poder adherirlo a distintas superficies, y es compatible con arn\u00e9s.\u00a0 Se recomienda el uso de lubricantes Real Skin.<b>** Informamos que las medidas y color del art\u00edculo pueden diferir dependiendo la partida.\u00a0<\/b><\/p>\n<blockquote><p>Tipo: Dildo con sopapa.<\/p><\/blockquote>\n<blockquote><p>Medida: 20 cm x 5 \u00d8.<\/p><\/blockquote>\n<blockquote><p>Modelo Water Proof \/ Prueba de agua.<\/p><\/blockquote>\n<blockquote><p>Phthalate Free \/ Libre Ftalato.<\/p><\/blockquote>\n<blockquote><p>Industria Argentina.<\/p><\/blockquote>\n","protected":false},"excerpt":{"rendered":"<p>SKU\u00a030-725-21<\/p>\n<p>Su forma anat\u00f3mica y sus venas intensificar\u00e1n el momento de pasi\u00f3n. Es a prueba de agua.<\/p>\n","protected":false},"featured_media":5543,"template":"","meta":{"_et_pb_use_builder":"","_et_pb_old_content":"","_et_gb_content_width":"","_joinchat":[]},"product_brand":[],"product_cat":[29],"product_tag":[],"class_list":{"0":"post-5541","1":"product","2":"type-product","3":"status-publish","4":"has-post-thumbnail","6":"product_cat-consoladores-y-dildos","8":"first","9":"instock","10":"shipping-taxable","11":"purchasable","12":"product-type-simple"},"_links":{"self":[{"href":"https:\/\/www.sexshop.com.ar\/web\/wp-json\/wp\/v2\/product\/5541","targetHints":{"allow":["GET"]}}],"collection":[{"href":"https:\/\/www.sexshop.com.ar\/web\/wp-json\/wp\/v2\/product"}],"about":[{"href":"https:\/\/www.sexshop.com.ar\/web\/wp-json\/wp\/v2\/types\/product"}],"wp:featuredmedia":[{"embeddable":true,"href":"https:\/\/www.sexshop.com.ar\/web\/wp-json\/wp\/v2\/media\/5543"}],"wp:attachment":[{"href":"https:\/\/www.sexshop.com.ar\/web\/wp-json\/wp\/v2\/media?parent=5541"}],"wp:term":[{"taxonomy":"product_brand","embeddable":true,"href":"https:\/\/www.sexshop.com.ar\/web\/wp-json\/wp\/v2\/product_brand?post=5541"},{"taxonomy":"product_cat","embeddable":true,"href":"https:\/\/www.sexshop.com.ar\/web\/wp-json\/wp\/v2\/product_cat?post=5541"},{"taxonomy":"product_tag","embeddable":true,"href":"https:\/\/www.sexshop.com.ar\/web\/wp-json\/wp\/v2\/product_tag?post=5541"}],"curies":[{"name":"wp","href":"https:\/\/api.w.org\/{rel}","templated":true}]}}