{"id":5566,"date":"2021-08-04T12:28:43","date_gmt":"2021-08-04T15:28:43","guid":{"rendered":"https:\/\/www.sexshop.com.ar\/web\/?post_type=product&#038;p=5566"},"modified":"2026-02-16T17:32:19","modified_gmt":"2026-02-16T20:32:19","slug":"cyber-vibe-cliterific-realistico","status":"publish","type":"product","link":"https:\/\/www.sexshop.com.ar\/web\/producto\/cyber-vibe-cliterific-realistico\/","title":{"rendered":"CYBER-VIBE CLITERIFIC REAL\u00cdSTICO"},"content":{"rendered":"<h3><b>Cyber-Vibe Cliterific Real\u00edstico.<\/b><\/h3>\n<p>Ideal para los que buscan realismo y satisfacci\u00f3n, la l\u00ednea cyber\u00a0es s\u00faper real\u00edstica, s\u00edmil a la piel, suave al tacto y afelpada. Este vibrador es\u00a0hipoalerg\u00e9nico y se adapta a la temperatura corporal permitiendo sentir mejor sus vibraciones y su textura.\u00a0Para vivir una experiencia de placer puro, el\u00a0dildo ofrece una sensaci\u00f3n real de un pene, mientras que su virbro multi speed permite regular la intensidad.\u00a0Se recomienda el uso de lubricantes Real Skin.<\/p>\n<p><b>** Informamos que las medidas y color del art\u00edculo pueden diferir dependiendo la partida.\u00a0<\/b><\/p>\n<blockquote><p>Tipo: Dildo con Vibro.<\/p><\/blockquote>\n<blockquote><p>Medida: 20 cm x 4,5 \u00d8.<\/p><\/blockquote>\n<blockquote><p>Pilas: 2 Pilas AA (no incluidas).<\/p><\/blockquote>\n<blockquote><p>Phthalate Free \/ Libre de Ftalato.<\/p><\/blockquote>\n<blockquote><p>Industria Argentina.<\/p><\/blockquote>\n","protected":false},"excerpt":{"rendered":"<p>SKU\u00a010-703-31<\/p>\n<p>Ideal para los que buscan realismo y satisfacci\u00f3n, la l\u00ednea cyber\u00a0es s\u00faper real\u00edstica, s\u00edmil a la piel, suave al tacto y afelpada. Este vibrador es\u00a0hipoalerg\u00e9nico y se adapta a la temperatura corporal permitiendo sentir mejor sus vibraciones y su textura.<\/p>\n<p>20 cm x 4,5 \u00d8<\/p>\n","protected":false},"featured_media":5568,"template":"","meta":{"_et_pb_use_builder":"","_et_pb_old_content":"","_et_gb_content_width":"","_joinchat":[]},"product_brand":[],"product_cat":[18],"product_tag":[],"class_list":{"0":"post-5566","1":"product","2":"type-product","3":"status-publish","4":"has-post-thumbnail","6":"product_cat-vibradores","8":"first","9":"instock","10":"shipping-taxable","11":"purchasable","12":"product-type-simple"},"_links":{"self":[{"href":"https:\/\/www.sexshop.com.ar\/web\/wp-json\/wp\/v2\/product\/5566","targetHints":{"allow":["GET"]}}],"collection":[{"href":"https:\/\/www.sexshop.com.ar\/web\/wp-json\/wp\/v2\/product"}],"about":[{"href":"https:\/\/www.sexshop.com.ar\/web\/wp-json\/wp\/v2\/types\/product"}],"wp:featuredmedia":[{"embeddable":true,"href":"https:\/\/www.sexshop.com.ar\/web\/wp-json\/wp\/v2\/media\/5568"}],"wp:attachment":[{"href":"https:\/\/www.sexshop.com.ar\/web\/wp-json\/wp\/v2\/media?parent=5566"}],"wp:term":[{"taxonomy":"product_brand","embeddable":true,"href":"https:\/\/www.sexshop.com.ar\/web\/wp-json\/wp\/v2\/product_brand?post=5566"},{"taxonomy":"product_cat","embeddable":true,"href":"https:\/\/www.sexshop.com.ar\/web\/wp-json\/wp\/v2\/product_cat?post=5566"},{"taxonomy":"product_tag","embeddable":true,"href":"https:\/\/www.sexshop.com.ar\/web\/wp-json\/wp\/v2\/product_tag?post=5566"}],"curies":[{"name":"wp","href":"https:\/\/api.w.org\/{rel}","templated":true}]}}