{"id":5573,"date":"2021-08-04T13:18:56","date_gmt":"2021-08-04T16:18:56","guid":{"rendered":"https:\/\/www.sexshop.com.ar\/web\/?post_type=product&#038;p=5573"},"modified":"2026-02-23T12:08:37","modified_gmt":"2026-02-23T15:08:37","slug":"arnes-americano-piel","status":"publish","type":"product","link":"https:\/\/www.sexshop.com.ar\/web\/producto\/arnes-americano-piel\/","title":{"rendered":"ARN\u00c9S AMERICANO PIEL"},"content":{"rendered":"<h3><span style=\"font-size: 18.72px\">Arn\u00e9s<\/span><b>\u00a0americano piel.\u00a0<\/b><\/h3>\n<p>Juguete ideal para cambio de roles. El arn\u00e9s\u00a0es ajustable a cada cuerpo, con un dildo totalmente real\u00edstico. Encontr\u00e1 tambi\u00e9n\u00a0este art\u00edculo en una medida m\u00e1s peque\u00f1a.<b><br \/>\n<\/b><b>** Informamos que las medidas y color del art\u00edculo pueden diferir dependiendo la partida.\u00a0<\/b><\/p>\n<blockquote><p>Tipo: Arn\u00e9s.<\/p><\/blockquote>\n<blockquote><p>Medida: 20 cm x 4 \u00d8.<\/p><\/blockquote>\n<blockquote><p>Color: Carne.<\/p><\/blockquote>\n<blockquote><p>Phthalate free \/ Libre de Ftalato.<\/p><\/blockquote>\n<blockquote><p>Industria Argentina.<\/p><\/blockquote>\n","protected":false},"excerpt":{"rendered":"<p>SKU\u00a090-705-21<\/p>\n<p>Juguete ideal para cambio de roles. El arn\u00e9s\u00a0es ajustable a cada cuerpo, con un dildo totalmente real\u00edstico. Encontr\u00e1 tambi\u00e9n\u00a0este art\u00edculo en una medida m\u00e1s peque\u00f1a.<\/p>\n<p>20 cm x 4 \u00d8<\/p>\n","protected":false},"featured_media":0,"template":"","meta":{"_et_pb_use_builder":"","_et_pb_old_content":"","_et_gb_content_width":"","_joinchat":[]},"product_brand":[],"product_cat":[29,44],"product_tag":[],"class_list":{"0":"post-5573","1":"product","2":"type-product","3":"status-publish","5":"product_cat-consoladores-y-dildos","6":"product_cat-protesis","8":"first","9":"instock","10":"shipping-taxable","11":"purchasable","12":"product-type-simple"},"_links":{"self":[{"href":"https:\/\/www.sexshop.com.ar\/web\/wp-json\/wp\/v2\/product\/5573","targetHints":{"allow":["GET"]}}],"collection":[{"href":"https:\/\/www.sexshop.com.ar\/web\/wp-json\/wp\/v2\/product"}],"about":[{"href":"https:\/\/www.sexshop.com.ar\/web\/wp-json\/wp\/v2\/types\/product"}],"wp:attachment":[{"href":"https:\/\/www.sexshop.com.ar\/web\/wp-json\/wp\/v2\/media?parent=5573"}],"wp:term":[{"taxonomy":"product_brand","embeddable":true,"href":"https:\/\/www.sexshop.com.ar\/web\/wp-json\/wp\/v2\/product_brand?post=5573"},{"taxonomy":"product_cat","embeddable":true,"href":"https:\/\/www.sexshop.com.ar\/web\/wp-json\/wp\/v2\/product_cat?post=5573"},{"taxonomy":"product_tag","embeddable":true,"href":"https:\/\/www.sexshop.com.ar\/web\/wp-json\/wp\/v2\/product_tag?post=5573"}],"curies":[{"name":"wp","href":"https:\/\/api.w.org\/{rel}","templated":true}]}}