{"id":5585,"date":"2021-08-11T12:47:07","date_gmt":"2021-08-11T15:47:07","guid":{"rendered":"https:\/\/www.sexshop.com.ar\/web\/?post_type=product&#038;p=5585"},"modified":"2026-02-16T17:30:52","modified_gmt":"2026-02-16T20:30:52","slug":"gran-curved-vibro","status":"publish","type":"product","link":"https:\/\/www.sexshop.com.ar\/web\/producto\/gran-curved-vibro\/","title":{"rendered":"Gran Curved Vibro"},"content":{"rendered":"<h3><strong>CONSOLADOR REAL\u00cdSTICO GRAN CURVED\u00a0VIBRADOR<\/strong><\/h3>\n<p>Deleita tus placer m\u00e1s \u00edntimos con la experiencia real\u00edstica de la l\u00ednea Classic, el Gran Curved ofrece la sensaci\u00f3n real de un pene robusto con el eje apenas curvo, facilitando la inserci\u00f3n y haciendo que cada penetraci\u00f3n represente el pene ideal para vos. Su cuerpo es suave y delicado, cada penetraci\u00f3n ser\u00e1 una experiencia de placer puro.<\/p>\n<p><strong>Caracter\u00edsticas:<\/strong><\/p>\n<ul>\n<li>Consolador vibrador real\u00edstico<\/li>\n<li>Multivelocidad<\/li>\n<li>Textura siliconada<\/li>\n<li>Eje semi curvo<\/li>\n<li>2 Pilas AA (No incluidas)<\/li>\n<li>Seguro al cuerpo<\/li>\n<li>Libre de Ftalatos<\/li>\n<\/ul>\n<p><strong>Medidas:\u00a0<\/strong>21 cm x 4\u00a0cm (Insertable 18 cm)<\/p>\n<p><em>Alcanz\u00e1 tu mejor orgasmo \u00a1Disfr\u00fatalo!<\/em><\/p>\n","protected":false},"excerpt":{"rendered":"<section class=\"page-header \">\n<div class=\"\">\n<h1 class=\"h2 js-product-name h2-md\">Gran Curved Vibro<\/h1>\n<\/div>\n<\/section>\n<div>\n<p>SKU 2603-02<\/p>\n<p>El Gran Curved ofrece la sensaci\u00f3n real de un pene robusto con el eje apenas curvo, facilitando la inserci\u00f3n y haciendo que cada penetraci\u00f3n represente el pene ideal para vos.<\/p>\n<\/div>\n","protected":false},"featured_media":5590,"template":"","meta":{"_et_pb_use_builder":"","_et_pb_old_content":"","_et_gb_content_width":"","_joinchat":[]},"product_brand":[],"product_cat":[18],"product_tag":[],"class_list":{"0":"post-5585","1":"product","2":"type-product","3":"status-publish","4":"has-post-thumbnail","6":"product_cat-vibradores","8":"first","9":"instock","10":"shipping-taxable","11":"purchasable","12":"product-type-simple"},"_links":{"self":[{"href":"https:\/\/www.sexshop.com.ar\/web\/wp-json\/wp\/v2\/product\/5585","targetHints":{"allow":["GET"]}}],"collection":[{"href":"https:\/\/www.sexshop.com.ar\/web\/wp-json\/wp\/v2\/product"}],"about":[{"href":"https:\/\/www.sexshop.com.ar\/web\/wp-json\/wp\/v2\/types\/product"}],"wp:featuredmedia":[{"embeddable":true,"href":"https:\/\/www.sexshop.com.ar\/web\/wp-json\/wp\/v2\/media\/5590"}],"wp:attachment":[{"href":"https:\/\/www.sexshop.com.ar\/web\/wp-json\/wp\/v2\/media?parent=5585"}],"wp:term":[{"taxonomy":"product_brand","embeddable":true,"href":"https:\/\/www.sexshop.com.ar\/web\/wp-json\/wp\/v2\/product_brand?post=5585"},{"taxonomy":"product_cat","embeddable":true,"href":"https:\/\/www.sexshop.com.ar\/web\/wp-json\/wp\/v2\/product_cat?post=5585"},{"taxonomy":"product_tag","embeddable":true,"href":"https:\/\/www.sexshop.com.ar\/web\/wp-json\/wp\/v2\/product_tag?post=5585"}],"curies":[{"name":"wp","href":"https:\/\/api.w.org\/{rel}","templated":true}]}}