{"id":5608,"date":"2021-08-11T13:39:59","date_gmt":"2021-08-11T16:39:59","guid":{"rendered":"https:\/\/www.sexshop.com.ar\/web\/?post_type=product&#038;p=5608"},"modified":"2025-02-03T12:15:51","modified_gmt":"2025-02-03T15:15:51","slug":"arnes-ultra-passionate-harness","status":"publish","type":"product","link":"https:\/\/www.sexshop.com.ar\/web\/producto\/arnes-ultra-passionate-harness\/","title":{"rendered":"Arn\u00e9s Ultra Passionate Harness"},"content":{"rendered":"<p><strong>ULTRA PASSIONATE HARNESS<\/strong><\/p>\n<p>Con este arn\u00e9s estar\u00e1s gritando durante toda la noche. Incluye dos dildos, para que puedas elegir el que m\u00e1s pega contigo. Los dildos est\u00e1n perfectamente esculpidos para parecer un pene de verdad, cuentan con un glande, test\u00edculos y un cuerpo curvado y venoso.<\/p>\n<p><strong>Caracter\u00edsticas:<\/strong><\/p>\n<ul>\n<li>Set de arn\u00e9s con dildos<\/li>\n<li>Arn\u00e9s ajustable<\/li>\n<li>Dise\u00f1o real\u00edstico<\/li>\n<li>Dos Dildos intercambianles<\/li>\n<li>Texturados<\/li>\n<li>Seguros al cuerpo<\/li>\n<li>Libre de Ftalatos<\/li>\n<li>Material: TPE<\/li>\n<li>Peso: 540 gr<\/li>\n<\/ul>\n<p><strong>Medidas de los dildos:<\/strong><\/p>\n<ul>\n<li>20 cm x 4,3 cm<\/li>\n<li>14,2 cm x 3 cm<\/li>\n<\/ul>\n<p>Dise\u00f1ado en EEUU con las m\u00e1s estrictas normas de calidad.<\/p>\n<p><em>Alcanz\u00e1 el mejor orgasmo \u00a1Disfrutalo!<\/em><\/p>\n","protected":false},"excerpt":{"rendered":"<h3>Arn\u00e9s Ultra Passionate Harness<\/h3>\n<div>\n<p>SKU: BW-022025<\/p>\n<\/div>\n<div class=\"price-container\">Los dildos est\u00e1n perfectamente esculpidos para parecer un pene de verdad, cuentan con un glande, test\u00edculos y un cuerpo curvado y venoso.<\/div>\n","protected":false},"featured_media":5614,"template":"","meta":{"_et_pb_use_builder":"","_et_pb_old_content":"","_et_gb_content_width":"","_joinchat":[]},"product_brand":[],"product_cat":[29,44],"product_tag":[],"class_list":{"0":"post-5608","1":"product","2":"type-product","3":"status-publish","4":"has-post-thumbnail","6":"product_cat-consoladores-y-dildos","7":"product_cat-protesis","9":"first","10":"instock","11":"shipping-taxable","12":"purchasable","13":"product-type-simple"},"_links":{"self":[{"href":"https:\/\/www.sexshop.com.ar\/web\/wp-json\/wp\/v2\/product\/5608","targetHints":{"allow":["GET"]}}],"collection":[{"href":"https:\/\/www.sexshop.com.ar\/web\/wp-json\/wp\/v2\/product"}],"about":[{"href":"https:\/\/www.sexshop.com.ar\/web\/wp-json\/wp\/v2\/types\/product"}],"wp:featuredmedia":[{"embeddable":true,"href":"https:\/\/www.sexshop.com.ar\/web\/wp-json\/wp\/v2\/media\/5614"}],"wp:attachment":[{"href":"https:\/\/www.sexshop.com.ar\/web\/wp-json\/wp\/v2\/media?parent=5608"}],"wp:term":[{"taxonomy":"product_brand","embeddable":true,"href":"https:\/\/www.sexshop.com.ar\/web\/wp-json\/wp\/v2\/product_brand?post=5608"},{"taxonomy":"product_cat","embeddable":true,"href":"https:\/\/www.sexshop.com.ar\/web\/wp-json\/wp\/v2\/product_cat?post=5608"},{"taxonomy":"product_tag","embeddable":true,"href":"https:\/\/www.sexshop.com.ar\/web\/wp-json\/wp\/v2\/product_tag?post=5608"}],"curies":[{"name":"wp","href":"https:\/\/api.w.org\/{rel}","templated":true}]}}