{"id":561,"date":"2018-05-10T12:01:39","date_gmt":"2018-05-10T15:01:39","guid":{"rendered":"https:\/\/www.sexshop.com.ar\/web\/?post_type=product&#038;p=561"},"modified":"2025-02-03T12:23:56","modified_gmt":"2025-02-03T15:23:56","slug":"realistic-cock-macizo","status":"publish","type":"product","link":"https:\/\/www.sexshop.com.ar\/web\/producto\/realistic-cock-macizo\/","title":{"rendered":"REALISTIC COCK (Macizo)"},"content":{"rendered":"<p>Satisface sus deseos de realismo sin sobre abundancia de tama\u00f1o. Moldeado en la forma m\u00e1s natural que podr\u00edamos haber creado.<\/p>\n<p>Para los que buscan una experiencia extrema y excitante, con detalles de texturas y color, su tama\u00f1o 20 cm de largo y 5 cm de di\u00e1metro en su parte m\u00e1s ancha. Puede usarse en ambos sexos, es mejor estar en pareja ya que quien recibe la penetraci\u00f3n debe estar relajado\/a para favorecer la dilataci\u00f3n.<\/p>\n<p>20 cm x 5 \u00d8<\/p>\n","protected":false},"excerpt":{"rendered":"<div class=\"descripcion-completa\">Satisface sus deseos de realismo sin sobre abundancia de tama\u00f1o. Moldeado en la forma m\u00e1s natural que podr\u00edamos haber creado.<\/div>\n<div>20 cm x 5 \u00d8<\/div>\n","protected":false},"featured_media":1981,"template":"","meta":{"_et_pb_use_builder":"","_et_pb_old_content":"","_et_gb_content_width":"","_joinchat":[]},"product_brand":[],"product_cat":[29],"product_tag":[],"class_list":{"0":"post-561","1":"product","2":"type-product","3":"status-publish","4":"has-post-thumbnail","6":"product_cat-consoladores-y-dildos","8":"first","9":"instock","10":"shipping-taxable","11":"purchasable","12":"product-type-simple"},"_links":{"self":[{"href":"https:\/\/www.sexshop.com.ar\/web\/wp-json\/wp\/v2\/product\/561","targetHints":{"allow":["GET"]}}],"collection":[{"href":"https:\/\/www.sexshop.com.ar\/web\/wp-json\/wp\/v2\/product"}],"about":[{"href":"https:\/\/www.sexshop.com.ar\/web\/wp-json\/wp\/v2\/types\/product"}],"wp:featuredmedia":[{"embeddable":true,"href":"https:\/\/www.sexshop.com.ar\/web\/wp-json\/wp\/v2\/media\/1981"}],"wp:attachment":[{"href":"https:\/\/www.sexshop.com.ar\/web\/wp-json\/wp\/v2\/media?parent=561"}],"wp:term":[{"taxonomy":"product_brand","embeddable":true,"href":"https:\/\/www.sexshop.com.ar\/web\/wp-json\/wp\/v2\/product_brand?post=561"},{"taxonomy":"product_cat","embeddable":true,"href":"https:\/\/www.sexshop.com.ar\/web\/wp-json\/wp\/v2\/product_cat?post=561"},{"taxonomy":"product_tag","embeddable":true,"href":"https:\/\/www.sexshop.com.ar\/web\/wp-json\/wp\/v2\/product_tag?post=561"}],"curies":[{"name":"wp","href":"https:\/\/api.w.org\/{rel}","templated":true}]}}