{"id":563,"date":"2018-05-10T12:12:51","date_gmt":"2018-05-10T15:12:51","guid":{"rendered":"https:\/\/www.sexshop.com.ar\/web\/?post_type=product&#038;p=563"},"modified":"2025-02-03T12:25:04","modified_gmt":"2025-02-03T15:25:04","slug":"realistic-mulato-sin-vibrador","status":"publish","type":"product","link":"https:\/\/www.sexshop.com.ar\/web\/producto\/realistic-mulato-sin-vibrador\/","title":{"rendered":"Realistic Mulato (sin vibrador)"},"content":{"rendered":"<p>Te presentamos una caliente variante de nuestra l\u00ednea de real\u00edsticos. Firmes, flexibles y 100% s\u00f3lidos. Tu oscuro compa\u00f1ero te ayudar\u00e1 a satisfacer tus m\u00e1s claras intenciones. Medidas: 18&#215;4.5cm<\/p>\n","protected":false},"excerpt":{"rendered":"<div class=\"descripcion-completa\">Te presentamos una caliente variante de nuestra l\u00ednea de real\u00edsticos. Firmes, flexibles y 100% s\u00f3lidos. Tu oscuro compa\u00f1ero te ayudar\u00e1 a satisfacer tus m\u00e1s claras intenciones. Medidas: 18&#215;4.5cm<\/div>\n","protected":false},"featured_media":564,"template":"","meta":{"_et_pb_use_builder":"","_et_pb_old_content":"","_et_gb_content_width":"","_joinchat":[]},"product_brand":[],"product_cat":[29],"product_tag":[],"class_list":{"0":"post-563","1":"product","2":"type-product","3":"status-publish","4":"has-post-thumbnail","6":"product_cat-consoladores-y-dildos","8":"first","9":"instock","10":"shipping-taxable","11":"purchasable","12":"product-type-simple"},"_links":{"self":[{"href":"https:\/\/www.sexshop.com.ar\/web\/wp-json\/wp\/v2\/product\/563","targetHints":{"allow":["GET"]}}],"collection":[{"href":"https:\/\/www.sexshop.com.ar\/web\/wp-json\/wp\/v2\/product"}],"about":[{"href":"https:\/\/www.sexshop.com.ar\/web\/wp-json\/wp\/v2\/types\/product"}],"wp:featuredmedia":[{"embeddable":true,"href":"https:\/\/www.sexshop.com.ar\/web\/wp-json\/wp\/v2\/media\/564"}],"wp:attachment":[{"href":"https:\/\/www.sexshop.com.ar\/web\/wp-json\/wp\/v2\/media?parent=563"}],"wp:term":[{"taxonomy":"product_brand","embeddable":true,"href":"https:\/\/www.sexshop.com.ar\/web\/wp-json\/wp\/v2\/product_brand?post=563"},{"taxonomy":"product_cat","embeddable":true,"href":"https:\/\/www.sexshop.com.ar\/web\/wp-json\/wp\/v2\/product_cat?post=563"},{"taxonomy":"product_tag","embeddable":true,"href":"https:\/\/www.sexshop.com.ar\/web\/wp-json\/wp\/v2\/product_tag?post=563"}],"curies":[{"name":"wp","href":"https:\/\/api.w.org\/{rel}","templated":true}]}}