{"id":573,"date":"2018-05-10T12:25:34","date_gmt":"2018-05-10T15:25:34","guid":{"rendered":"https:\/\/www.sexshop.com.ar\/web\/?post_type=product&#038;p=573"},"modified":"2026-04-13T12:04:17","modified_gmt":"2026-04-13T15:04:17","slug":"jeff-stricker-macizo","status":"publish","type":"product","link":"https:\/\/www.sexshop.com.ar\/web\/producto\/jeff-stricker-macizo\/","title":{"rendered":"JEFF STRICKER (MACIZO)"},"content":{"rendered":"<p>Firme, flexible y 100% s\u00f3lido. Usted vera y sentir\u00e1 un verdadero hombre, con la diferencia de que nunca se cansar\u00e1.Medidas: 22&#215;6 c<\/p>\n","protected":false},"excerpt":{"rendered":"<p>Firme, flexible y 100% s\u00f3lido. Usted vera y sentir\u00e1 un verdadero hombre, con la diferencia de que nunca se cansar\u00e1.Medidas: 22&#215;6 c<\/p>\n","protected":false},"featured_media":574,"template":"","meta":{"_et_pb_use_builder":"","_et_pb_old_content":"","_et_gb_content_width":"","_joinchat":[]},"product_brand":[],"product_cat":[29],"product_tag":[],"class_list":{"0":"post-573","1":"product","2":"type-product","3":"status-publish","4":"has-post-thumbnail","6":"product_cat-consoladores-y-dildos","8":"first","9":"instock","10":"shipping-taxable","11":"purchasable","12":"product-type-simple"},"_links":{"self":[{"href":"https:\/\/www.sexshop.com.ar\/web\/wp-json\/wp\/v2\/product\/573","targetHints":{"allow":["GET"]}}],"collection":[{"href":"https:\/\/www.sexshop.com.ar\/web\/wp-json\/wp\/v2\/product"}],"about":[{"href":"https:\/\/www.sexshop.com.ar\/web\/wp-json\/wp\/v2\/types\/product"}],"wp:featuredmedia":[{"embeddable":true,"href":"https:\/\/www.sexshop.com.ar\/web\/wp-json\/wp\/v2\/media\/574"}],"wp:attachment":[{"href":"https:\/\/www.sexshop.com.ar\/web\/wp-json\/wp\/v2\/media?parent=573"}],"wp:term":[{"taxonomy":"product_brand","embeddable":true,"href":"https:\/\/www.sexshop.com.ar\/web\/wp-json\/wp\/v2\/product_brand?post=573"},{"taxonomy":"product_cat","embeddable":true,"href":"https:\/\/www.sexshop.com.ar\/web\/wp-json\/wp\/v2\/product_cat?post=573"},{"taxonomy":"product_tag","embeddable":true,"href":"https:\/\/www.sexshop.com.ar\/web\/wp-json\/wp\/v2\/product_tag?post=573"}],"curies":[{"name":"wp","href":"https:\/\/api.w.org\/{rel}","templated":true}]}}