{"id":5731,"date":"2021-09-28T17:33:34","date_gmt":"2021-09-28T20:33:34","guid":{"rendered":"https:\/\/www.sexshop.com.ar\/web\/?post_type=product&#038;p=5731"},"modified":"2025-01-27T16:32:42","modified_gmt":"2025-01-27T19:32:42","slug":"vibrador-con-lenguas-giratorias-recargable-usb","status":"publish","type":"product","link":"https:\/\/www.sexshop.com.ar\/web\/producto\/vibrador-con-lenguas-giratorias-recargable-usb\/","title":{"rendered":"VIBRADOR CON LENGUAS GIRATORIAS RECARGABLE USB"},"content":{"rendered":"<h3>Es un poderoso vibrador que cuenta con un revolucionario estimulador rotatorio.<\/h3>\n<ul>\n<li>Medidas 223 * 38 * 77 mm \/<\/li>\n<li>Peso 190 g<\/li>\n<li>9 modos de vibraci\u00f3n<\/li>\n<li>6 velocidades de lenguas giratorias<\/li>\n<li>2.5 h de carga completa para hasta 2 h de placer<\/li>\n<li>Silicona m\u00e9dica + Acr\u00edlico<\/li>\n<li>IPX6 a prueba de agua<\/li>\n<\/ul>\n<p>&nbsp;<\/p>\n","protected":false},"excerpt":{"rendered":"<p>C\u00d3DIGO SKU\u00a0 SHD-S076<\/p>\n<div>NINFA NYMPH VIBRADOR CON LENGUAS GIRATORIAS RECARGABLE USB<\/div>\n<div>\n<h4>Con este vibrador puedes estimular, como si fuese una lengua, tu cl\u00edtoris, o cualquier parte er\u00f3gena de tu cuerpo. Este vibrador cuenta con 9 patrones de vibraci\u00f3n, identificables con su respectiva luz en la base. Adem\u00e1s su implemento rotatorio posee 6 velocidades, para multiplicar las posibilidades de combinar el\u00a0<strong>cl\u00edmax<\/strong>. Su bater\u00eda dura aproximadamente 2 horas. Fabricado de Silicona m\u00e9dica de la m\u00e1s alta calidad, Dise\u00f1o exclusivo y ergon\u00f3mico. Nymph es el vibrador que necesitas.<\/h4>\n<\/div>\n","protected":false},"featured_media":5732,"template":"","meta":{"_et_pb_use_builder":"","_et_pb_old_content":"","_et_gb_content_width":"","_joinchat":[]},"product_brand":[],"product_cat":[32,37,18],"product_tag":[],"class_list":{"0":"post-5731","1":"product","2":"type-product","3":"status-publish","4":"has-post-thumbnail","6":"product_cat-ellas","7":"product_cat-estimuladores-clitoriales","8":"product_cat-vibradores","10":"first","11":"instock","12":"shipping-taxable","13":"purchasable","14":"product-type-simple"},"_links":{"self":[{"href":"https:\/\/www.sexshop.com.ar\/web\/wp-json\/wp\/v2\/product\/5731","targetHints":{"allow":["GET"]}}],"collection":[{"href":"https:\/\/www.sexshop.com.ar\/web\/wp-json\/wp\/v2\/product"}],"about":[{"href":"https:\/\/www.sexshop.com.ar\/web\/wp-json\/wp\/v2\/types\/product"}],"wp:featuredmedia":[{"embeddable":true,"href":"https:\/\/www.sexshop.com.ar\/web\/wp-json\/wp\/v2\/media\/5732"}],"wp:attachment":[{"href":"https:\/\/www.sexshop.com.ar\/web\/wp-json\/wp\/v2\/media?parent=5731"}],"wp:term":[{"taxonomy":"product_brand","embeddable":true,"href":"https:\/\/www.sexshop.com.ar\/web\/wp-json\/wp\/v2\/product_brand?post=5731"},{"taxonomy":"product_cat","embeddable":true,"href":"https:\/\/www.sexshop.com.ar\/web\/wp-json\/wp\/v2\/product_cat?post=5731"},{"taxonomy":"product_tag","embeddable":true,"href":"https:\/\/www.sexshop.com.ar\/web\/wp-json\/wp\/v2\/product_tag?post=5731"}],"curies":[{"name":"wp","href":"https:\/\/api.w.org\/{rel}","templated":true}]}}