{"id":5763,"date":"2021-11-05T14:14:41","date_gmt":"2021-11-05T17:14:41","guid":{"rendered":"https:\/\/www.sexshop.com.ar\/web\/?post_type=product&#038;p=5763"},"modified":"2025-02-03T17:45:07","modified_gmt":"2025-02-03T20:45:07","slug":"prime-preservativos-dual-pleasure","status":"publish","type":"product","link":"https:\/\/www.sexshop.com.ar\/web\/producto\/prime-preservativos-dual-pleasure\/","title":{"rendered":"PRIME PRESERVATIVOS DUAL PLEASURE"},"content":{"rendered":"<p><strong>PRIME PRESERVATIVOS DUAL PLEASURE<\/strong><\/p>\n<p>Estimulaci\u00f3n intensa. Este preservativo de doble textura combina en su superficie las nervaduras lineales del Texturado m\u00e1s las circulares de Tachas. Esta variedad 2 en 1 ofrece una estimulaci\u00f3n m\u00e1s intensa al placer femenino.<\/p>\n","protected":false},"excerpt":{"rendered":"<h5>Estimulaci\u00f3n intensa. Esta variedad 2 en 1 ofrece una estimulaci\u00f3n m\u00e1s intensa al placer femenino.<\/h5>\n","protected":false},"featured_media":5764,"template":"","meta":{"_et_pb_use_builder":"","_et_pb_old_content":"","_et_gb_content_width":"","_joinchat":[]},"product_brand":[],"product_cat":[43],"product_tag":[],"class_list":{"0":"post-5763","1":"product","2":"type-product","3":"status-publish","4":"has-post-thumbnail","6":"product_cat-preservativos","8":"first","9":"instock","10":"shipping-taxable","11":"purchasable","12":"product-type-simple"},"_links":{"self":[{"href":"https:\/\/www.sexshop.com.ar\/web\/wp-json\/wp\/v2\/product\/5763","targetHints":{"allow":["GET"]}}],"collection":[{"href":"https:\/\/www.sexshop.com.ar\/web\/wp-json\/wp\/v2\/product"}],"about":[{"href":"https:\/\/www.sexshop.com.ar\/web\/wp-json\/wp\/v2\/types\/product"}],"wp:featuredmedia":[{"embeddable":true,"href":"https:\/\/www.sexshop.com.ar\/web\/wp-json\/wp\/v2\/media\/5764"}],"wp:attachment":[{"href":"https:\/\/www.sexshop.com.ar\/web\/wp-json\/wp\/v2\/media?parent=5763"}],"wp:term":[{"taxonomy":"product_brand","embeddable":true,"href":"https:\/\/www.sexshop.com.ar\/web\/wp-json\/wp\/v2\/product_brand?post=5763"},{"taxonomy":"product_cat","embeddable":true,"href":"https:\/\/www.sexshop.com.ar\/web\/wp-json\/wp\/v2\/product_cat?post=5763"},{"taxonomy":"product_tag","embeddable":true,"href":"https:\/\/www.sexshop.com.ar\/web\/wp-json\/wp\/v2\/product_tag?post=5763"}],"curies":[{"name":"wp","href":"https:\/\/api.w.org\/{rel}","templated":true}]}}