{"id":5923,"date":"2021-12-28T20:24:46","date_gmt":"2021-12-28T23:24:46","guid":{"rendered":"https:\/\/www.sexshop.com.ar\/web\/?post_type=product&#038;p=5923"},"modified":"2025-09-01T17:29:19","modified_gmt":"2025-09-01T20:29:19","slug":"duchador-anal-vaginal","status":"publish","type":"product","link":"https:\/\/www.sexshop.com.ar\/web\/producto\/duchador-anal-vaginal\/","title":{"rendered":"DUCHA ANAL Y VAGINAL"},"content":{"rendered":"<h3>Mantenete limpio\/a y fresco\/a con este duchador. Esto es f\u00e1cil de desarmar, ducha anal de m\u00faltiples partes, lo que significa que vos permaneces higi\u00e9nico, y tambi\u00e9n tu\u00a0nuevo juguete sexual. Con sus partes de f\u00e1cil limpieza, este sistema de limpieza anal te permite disfrutar de un juego anal sexy sin preocupaciones. La ducha cuenta con una bombilla suave y flexible, y con su accesorio suave y c\u00f3nico, podr\u00e1s disfrutar de un placer estimulante en cualquier momento que desee.<\/h3>\n","protected":false},"excerpt":{"rendered":"<p>SKU\u00a0FT-225-BL<\/p>\n<h3>Es un sistema de limpieza realmente completo que est\u00e1 dise\u00f1ado para la simplicidad y el placer.<\/h3>\n","protected":false},"featured_media":6168,"template":"","meta":{"_et_pb_use_builder":"","_et_pb_old_content":"","_et_gb_content_width":"","_joinchat":[]},"product_brand":[],"product_cat":[28,32,34],"product_tag":[],"class_list":{"0":"post-5923","1":"product","2":"type-product","3":"status-publish","4":"has-post-thumbnail","6":"product_cat-consoladores-anales","7":"product_cat-ellas","8":"product_cat-inicio","10":"first","11":"instock","12":"shipping-taxable","13":"purchasable","14":"product-type-simple"},"_links":{"self":[{"href":"https:\/\/www.sexshop.com.ar\/web\/wp-json\/wp\/v2\/product\/5923","targetHints":{"allow":["GET"]}}],"collection":[{"href":"https:\/\/www.sexshop.com.ar\/web\/wp-json\/wp\/v2\/product"}],"about":[{"href":"https:\/\/www.sexshop.com.ar\/web\/wp-json\/wp\/v2\/types\/product"}],"wp:featuredmedia":[{"embeddable":true,"href":"https:\/\/www.sexshop.com.ar\/web\/wp-json\/wp\/v2\/media\/6168"}],"wp:attachment":[{"href":"https:\/\/www.sexshop.com.ar\/web\/wp-json\/wp\/v2\/media?parent=5923"}],"wp:term":[{"taxonomy":"product_brand","embeddable":true,"href":"https:\/\/www.sexshop.com.ar\/web\/wp-json\/wp\/v2\/product_brand?post=5923"},{"taxonomy":"product_cat","embeddable":true,"href":"https:\/\/www.sexshop.com.ar\/web\/wp-json\/wp\/v2\/product_cat?post=5923"},{"taxonomy":"product_tag","embeddable":true,"href":"https:\/\/www.sexshop.com.ar\/web\/wp-json\/wp\/v2\/product_tag?post=5923"}],"curies":[{"name":"wp","href":"https:\/\/api.w.org\/{rel}","templated":true}]}}