{"id":6243,"date":"2023-02-01T18:52:09","date_gmt":"2023-02-01T21:52:09","guid":{"rendered":"https:\/\/www.sexshop.com.ar\/web\/?post_type=product&#038;p=6243"},"modified":"2025-02-03T12:45:12","modified_gmt":"2025-02-03T15:45:12","slug":"gel-crema-anal-the-wild-boys-con-calendula","status":"publish","type":"product","link":"https:\/\/www.sexshop.com.ar\/web\/producto\/gel-crema-anal-the-wild-boys-con-calendula\/","title":{"rendered":"Gel crema anal The Wild Boys con calendula"},"content":{"rendered":"<p><span style=\"color: #000000; font-family: Gotham;\">GEL CREMA ANAL<\/span><\/p>\n<p>CON CALENDULA<\/p>\n<h1>\u00a1Empieza a disfrutar del sexo anal a\u00fan m\u00e1s!<\/h1>\n<p>Desarrollado para relajar los m\u00fasculos sin perder sensibilidad. La calendula contiene propiedades regenerativas, suaviza e hidrata. Ideal para utilizarlo con juguetes sexuales.<\/p>\n<p>&nbsp;<\/p>\n<div class=\"page\" title=\"Page 1\">\n<div class=\"section\">\n<div class=\"layoutArea\">\n<div class=\"column\">\n<p>Instrucciones de uso: aplica la cantidad de crema gel que quieras en las partes del cuerpo deseadas. Las cremas The Wild Boy\u00ae son compatibles con preservativos de Latex.<\/p>\n<p>Perfecto para lubricacio\u0301n y masajes anales. Ideal para utilizarlo con juguetes sexuales<\/p>\n<p><span style=\"color: #0d1112; font-family: Gotham;\">Cont. Neto: 200grs<\/span><\/p>\n<\/div>\n<\/div>\n<\/div>\n<\/div>\n","protected":false},"excerpt":{"rendered":"<p>GEL CREMA ANAL CON CALENDULA \u00a1Empieza a disfrutar del sexo anal a\u00fan m\u00e1s! Desarrollado para relajar los m\u00fasculos sin perder sensibilidad. La calendula contiene propiedades regenerativas, suaviza e hidrata. Ideal para utilizarlo con juguetes sexuales. &nbsp; Instrucciones de uso: aplica la cantidad de crema gel que quieras en las partes del cuerpo deseadas. Las cremas [&hellip;]<\/p>\n","protected":false},"featured_media":6244,"template":"","meta":{"_et_pb_use_builder":"","_et_pb_old_content":"","_et_gb_content_width":"","_joinchat":[]},"product_brand":[],"product_cat":[33,35],"product_tag":[],"class_list":{"0":"post-6243","1":"product","2":"type-product","3":"status-publish","4":"has-post-thumbnail","6":"product_cat-ellos","7":"product_cat-geles-y-lubricantes","9":"first","10":"instock","11":"shipping-taxable","12":"purchasable","13":"product-type-simple"},"_links":{"self":[{"href":"https:\/\/www.sexshop.com.ar\/web\/wp-json\/wp\/v2\/product\/6243","targetHints":{"allow":["GET"]}}],"collection":[{"href":"https:\/\/www.sexshop.com.ar\/web\/wp-json\/wp\/v2\/product"}],"about":[{"href":"https:\/\/www.sexshop.com.ar\/web\/wp-json\/wp\/v2\/types\/product"}],"wp:featuredmedia":[{"embeddable":true,"href":"https:\/\/www.sexshop.com.ar\/web\/wp-json\/wp\/v2\/media\/6244"}],"wp:attachment":[{"href":"https:\/\/www.sexshop.com.ar\/web\/wp-json\/wp\/v2\/media?parent=6243"}],"wp:term":[{"taxonomy":"product_brand","embeddable":true,"href":"https:\/\/www.sexshop.com.ar\/web\/wp-json\/wp\/v2\/product_brand?post=6243"},{"taxonomy":"product_cat","embeddable":true,"href":"https:\/\/www.sexshop.com.ar\/web\/wp-json\/wp\/v2\/product_cat?post=6243"},{"taxonomy":"product_tag","embeddable":true,"href":"https:\/\/www.sexshop.com.ar\/web\/wp-json\/wp\/v2\/product_tag?post=6243"}],"curies":[{"name":"wp","href":"https:\/\/api.w.org\/{rel}","templated":true}]}}