{"id":6354,"date":"2024-02-12T16:31:33","date_gmt":"2024-02-12T19:31:33","guid":{"rendered":"https:\/\/www.sexshop.com.ar\/web\/?post_type=product&#038;p=6354"},"modified":"2026-04-15T18:01:28","modified_gmt":"2026-04-15T21:01:28","slug":"bala-vibradora-fish-con-control-usb","status":"publish","type":"product","link":"https:\/\/www.sexshop.com.ar\/web\/producto\/bala-vibradora-fish-con-control-usb\/","title":{"rendered":"BALA VIBRADORA FISH CON CONTROL &#8211; USB"},"content":{"rendered":"<p>Material: ABS Silicona.<br \/>\nTipo de alimentaci\u00f3n bala: USB (Incluye cable de carga).<br \/>\nTipo de alimentaci\u00f3n Control:3pilas AAA(no incluidas).<br \/>\nFunciones: 10 .<br \/>\nDi\u00e1metro: 3cm.<br \/>\nLargo:15,3 cm.<\/p>\n","protected":false},"excerpt":{"rendered":"<p>Material: ABS Silicona. Tipo de alimentaci\u00f3n bala: USB (Incluye cable de carga). Tipo de alimentaci\u00f3n Control:3pilas AAA(no incluidas). Funciones: 10 . Di\u00e1metro: 3cm. Largo:15,3 cm.<\/p>\n","protected":false},"featured_media":6355,"template":"","meta":{"_et_pb_use_builder":"","_et_pb_old_content":"","_et_gb_content_width":"","_joinchat":[]},"product_brand":[],"product_cat":[32,42,18],"product_tag":[],"class_list":{"0":"post-6354","1":"product","2":"type-product","3":"status-publish","4":"has-post-thumbnail","6":"product_cat-ellas","7":"product_cat-novedades","8":"product_cat-vibradores","10":"first","11":"instock","12":"shipping-taxable","13":"purchasable","14":"product-type-simple"},"_links":{"self":[{"href":"https:\/\/www.sexshop.com.ar\/web\/wp-json\/wp\/v2\/product\/6354","targetHints":{"allow":["GET"]}}],"collection":[{"href":"https:\/\/www.sexshop.com.ar\/web\/wp-json\/wp\/v2\/product"}],"about":[{"href":"https:\/\/www.sexshop.com.ar\/web\/wp-json\/wp\/v2\/types\/product"}],"wp:featuredmedia":[{"embeddable":true,"href":"https:\/\/www.sexshop.com.ar\/web\/wp-json\/wp\/v2\/media\/6355"}],"wp:attachment":[{"href":"https:\/\/www.sexshop.com.ar\/web\/wp-json\/wp\/v2\/media?parent=6354"}],"wp:term":[{"taxonomy":"product_brand","embeddable":true,"href":"https:\/\/www.sexshop.com.ar\/web\/wp-json\/wp\/v2\/product_brand?post=6354"},{"taxonomy":"product_cat","embeddable":true,"href":"https:\/\/www.sexshop.com.ar\/web\/wp-json\/wp\/v2\/product_cat?post=6354"},{"taxonomy":"product_tag","embeddable":true,"href":"https:\/\/www.sexshop.com.ar\/web\/wp-json\/wp\/v2\/product_tag?post=6354"}],"curies":[{"name":"wp","href":"https:\/\/api.w.org\/{rel}","templated":true}]}}