{"id":6359,"date":"2024-02-12T16:49:14","date_gmt":"2024-02-12T19:49:14","guid":{"rendered":"https:\/\/www.sexshop.com.ar\/web\/?post_type=product&#038;p=6359"},"modified":"2025-09-01T18:14:41","modified_gmt":"2025-09-01T21:14:41","slug":"pro-extender","status":"publish","type":"product","link":"https:\/\/www.sexshop.com.ar\/web\/producto\/pro-extender\/","title":{"rendered":"PRO EXTENDER"},"content":{"rendered":"<p>Aumente el tama\u00f1o de su pene en un 30% en solo 6 meses sin una cirug\u00eda de agrandamiento. Dado que cada hombre es diferente, encontrar\u00e1 que sus resultados pueden variar con el uso frecuente. Dise\u00f1o ergon\u00f3mico, ajustable, unido con varillas de extensi\u00f3n para conectarse entre s\u00ed. Dispositivo simple, port\u00e1til, invisible que puede caminar. Adecuado para viajes a casa. Utilizando materiales de elast\u00f3mero seguros e higi\u00e9nicos, no es f\u00e1cil de romper y se siente c\u00f3modo.<\/p>\n","protected":false},"excerpt":{"rendered":"<p>kit ensanchador y extensor del pene Dispositivo de tracci\u00f3n.<\/p>\n","protected":false},"featured_media":6581,"template":"","meta":{"_et_pb_use_builder":"","_et_pb_old_content":"","_et_gb_content_width":"","_joinchat":[]},"product_brand":[],"product_cat":[31,33],"product_tag":[],"class_list":{"0":"post-6359","1":"product","2":"type-product","3":"status-publish","4":"has-post-thumbnail","6":"product_cat-desarrolladores","7":"product_cat-ellos","9":"first","10":"instock","11":"shipping-taxable","12":"purchasable","13":"product-type-simple"},"_links":{"self":[{"href":"https:\/\/www.sexshop.com.ar\/web\/wp-json\/wp\/v2\/product\/6359","targetHints":{"allow":["GET"]}}],"collection":[{"href":"https:\/\/www.sexshop.com.ar\/web\/wp-json\/wp\/v2\/product"}],"about":[{"href":"https:\/\/www.sexshop.com.ar\/web\/wp-json\/wp\/v2\/types\/product"}],"wp:featuredmedia":[{"embeddable":true,"href":"https:\/\/www.sexshop.com.ar\/web\/wp-json\/wp\/v2\/media\/6581"}],"wp:attachment":[{"href":"https:\/\/www.sexshop.com.ar\/web\/wp-json\/wp\/v2\/media?parent=6359"}],"wp:term":[{"taxonomy":"product_brand","embeddable":true,"href":"https:\/\/www.sexshop.com.ar\/web\/wp-json\/wp\/v2\/product_brand?post=6359"},{"taxonomy":"product_cat","embeddable":true,"href":"https:\/\/www.sexshop.com.ar\/web\/wp-json\/wp\/v2\/product_cat?post=6359"},{"taxonomy":"product_tag","embeddable":true,"href":"https:\/\/www.sexshop.com.ar\/web\/wp-json\/wp\/v2\/product_tag?post=6359"}],"curies":[{"name":"wp","href":"https:\/\/api.w.org\/{rel}","templated":true}]}}