{"id":6376,"date":"2024-02-19T17:56:59","date_gmt":"2024-02-19T20:56:59","guid":{"rendered":"https:\/\/www.sexshop.com.ar\/web\/?post_type=product&#038;p=6376"},"modified":"2026-02-16T11:53:28","modified_gmt":"2026-02-16T14:53:28","slug":"satisfyer-number-one","status":"publish","type":"product","link":"https:\/\/www.sexshop.com.ar\/web\/producto\/satisfyer-number-one\/","title":{"rendered":"Satisfyer Number One"},"content":{"rendered":"<p><strong>Caracter\u00edsticas:<\/strong><\/p>\n<ul>\n<li>Nuevo dise\u00f1o de botones: bot\u00f3n +\/-<\/li>\n<li>11 programas de ondas de presi\u00f3n<\/li>\n<li>Motor mejorado. M\u00e1s silencioso<\/li>\n<li>Nuevo dise\u00f1o<\/li>\n<li>Silicona antialerg\u00e9nica (Cabezal)<\/li>\n<li>Material: Silicona, Pl\u00e1stico ABS<\/li>\n<li>Color: Rosa dorado<\/li>\n<li>Impermeable (Salpicaduras).<\/li>\n<li>Peso: 88 g<\/li>\n<li>2 Pilas AAA (No incluidas)<\/li>\n<li>Seguro al cuerpo<\/li>\n<li>Libre de Ftalatos<\/li>\n<\/ul>\n<p><strong>Medidas:<\/strong><\/p>\n<ul>\n<li>Longitud: 14,3 cm<\/li>\n<li>Ancho: 4,6 cm<\/li>\n<li>Altura: 5,4 cm<\/li>\n<\/ul>\n","protected":false},"excerpt":{"rendered":"<p><strong>SATISFYER NUMBER ONE<\/strong><\/p>\n<p>Si tu afici\u00f3n por los viajes te lleva de vez en cuando a destinos algo m\u00e1s fr\u00edos, disfruta de una experiencia\u00a0que te calentar\u00e1 por fuera y por dentro. La forma ergon\u00f3mica del Satisfyer 1 te permite abandonarte completamente al \u00e9xtasis sin necesidad de complicadas contorsiones para acertar con tu punto m\u00e1s sensible.\u00a0Para que siempre puedas llevar un poco de placer en la maleta, tu fiel compa\u00f1ero de viaje cuenta con un compartimento para bater\u00edas que te permite disfrutar de tu viaje sensual por el mundo sin complicaciones debidas a la incompatibilidad de los enchufes.<\/p>\n","protected":false},"featured_media":6377,"template":"","meta":{"_et_pb_use_builder":"","_et_pb_old_content":"","_et_gb_content_width":"","_joinchat":[]},"product_brand":[],"product_cat":[32,37,18],"product_tag":[],"class_list":{"0":"post-6376","1":"product","2":"type-product","3":"status-publish","4":"has-post-thumbnail","6":"product_cat-ellas","7":"product_cat-estimuladores-clitoriales","8":"product_cat-vibradores","10":"first","11":"instock","12":"sale","13":"shipping-taxable","14":"purchasable","15":"product-type-simple"},"_links":{"self":[{"href":"https:\/\/www.sexshop.com.ar\/web\/wp-json\/wp\/v2\/product\/6376","targetHints":{"allow":["GET"]}}],"collection":[{"href":"https:\/\/www.sexshop.com.ar\/web\/wp-json\/wp\/v2\/product"}],"about":[{"href":"https:\/\/www.sexshop.com.ar\/web\/wp-json\/wp\/v2\/types\/product"}],"wp:featuredmedia":[{"embeddable":true,"href":"https:\/\/www.sexshop.com.ar\/web\/wp-json\/wp\/v2\/media\/6377"}],"wp:attachment":[{"href":"https:\/\/www.sexshop.com.ar\/web\/wp-json\/wp\/v2\/media?parent=6376"}],"wp:term":[{"taxonomy":"product_brand","embeddable":true,"href":"https:\/\/www.sexshop.com.ar\/web\/wp-json\/wp\/v2\/product_brand?post=6376"},{"taxonomy":"product_cat","embeddable":true,"href":"https:\/\/www.sexshop.com.ar\/web\/wp-json\/wp\/v2\/product_cat?post=6376"},{"taxonomy":"product_tag","embeddable":true,"href":"https:\/\/www.sexshop.com.ar\/web\/wp-json\/wp\/v2\/product_tag?post=6376"}],"curies":[{"name":"wp","href":"https:\/\/api.w.org\/{rel}","templated":true}]}}