{"id":6397,"date":"2024-02-19T18:38:17","date_gmt":"2024-02-19T21:38:17","guid":{"rendered":"https:\/\/www.sexshop.com.ar\/web\/?post_type=product&#038;p=6397"},"modified":"2025-02-03T11:15:41","modified_gmt":"2025-02-03T14:15:41","slug":"slender-bender","status":"publish","type":"product","link":"https:\/\/www.sexshop.com.ar\/web\/producto\/slender-bender\/","title":{"rendered":"Slender Bender"},"content":{"rendered":"<p><strong>Caracter\u00edsticas:<\/strong><\/p>\n<ul>\n<li>Consolador doble penetraci\u00f3n<\/li>\n<li>Real\u00edstico, texturado y glandes<\/li>\n<li>Flexible, juego a solas o en pareja<\/li>\n<li>Material: TPR Suave<\/li>\n<li>Impermeable<\/li>\n<li>Libre de Ftalatos<\/li>\n<li>Peso: 272 gr.<\/li>\n<\/ul>\n<p><strong>Medidas completas:<\/strong>\u00a044\u00a0cm x 3,5 cm<\/p>\n<p>Dise\u00f1ado en EEUU con las m\u00e1s estrictas normas de calidad.<\/p>\n<p><em>Alcanz\u00e1 el mejor orgasmo \u00a1Disfrutalo!<\/em><\/p>\n","protected":false},"excerpt":{"rendered":"<p><strong>DOUBLE DONG: SLENDER BENDER<\/strong><\/p>\n<p>Si est\u00e1s buscando un dildo doble, no busques m\u00e1s, aqu\u00ed tienes lo que estabas buscando. Es flexible y cada uno de los penes tiene un glande y un cuerpo largo y venoso. Es perfecto para jugar con tu pareja, pero tambi\u00e9n puedes usarlo para jugar a solas, y tambi\u00e9n lo puedes usar en la ducha, se libre para experimentar. Para una experiencia extra h\u00fameda usa tu lubricante a base de agua favorito.<\/p>\n","protected":false},"featured_media":7342,"template":"","meta":{"_et_pb_use_builder":"","_et_pb_old_content":"","_et_gb_content_width":"","_joinchat":[]},"product_brand":[],"product_cat":[24,32],"product_tag":[],"class_list":{"0":"post-6397","1":"product","2":"type-product","3":"status-publish","4":"has-post-thumbnail","6":"product_cat-accesorios","7":"product_cat-ellas","9":"first","10":"instock","11":"shipping-taxable","12":"purchasable","13":"product-type-simple"},"_links":{"self":[{"href":"https:\/\/www.sexshop.com.ar\/web\/wp-json\/wp\/v2\/product\/6397","targetHints":{"allow":["GET"]}}],"collection":[{"href":"https:\/\/www.sexshop.com.ar\/web\/wp-json\/wp\/v2\/product"}],"about":[{"href":"https:\/\/www.sexshop.com.ar\/web\/wp-json\/wp\/v2\/types\/product"}],"wp:featuredmedia":[{"embeddable":true,"href":"https:\/\/www.sexshop.com.ar\/web\/wp-json\/wp\/v2\/media\/7342"}],"wp:attachment":[{"href":"https:\/\/www.sexshop.com.ar\/web\/wp-json\/wp\/v2\/media?parent=6397"}],"wp:term":[{"taxonomy":"product_brand","embeddable":true,"href":"https:\/\/www.sexshop.com.ar\/web\/wp-json\/wp\/v2\/product_brand?post=6397"},{"taxonomy":"product_cat","embeddable":true,"href":"https:\/\/www.sexshop.com.ar\/web\/wp-json\/wp\/v2\/product_cat?post=6397"},{"taxonomy":"product_tag","embeddable":true,"href":"https:\/\/www.sexshop.com.ar\/web\/wp-json\/wp\/v2\/product_tag?post=6397"}],"curies":[{"name":"wp","href":"https:\/\/api.w.org\/{rel}","templated":true}]}}