{"id":6403,"date":"2024-02-19T18:45:22","date_gmt":"2024-02-19T21:45:22","guid":{"rendered":"https:\/\/www.sexshop.com.ar\/web\/?post_type=product&#038;p=6403"},"modified":"2025-02-03T11:08:15","modified_gmt":"2025-02-03T14:08:15","slug":"net-sleeve","status":"publish","type":"product","link":"https:\/\/www.sexshop.com.ar\/web\/producto\/net-sleeve\/","title":{"rendered":"Net Sleeve"},"content":{"rendered":"<p><strong>FUNDA PENEANA NET SLEEVE<\/strong><\/p>\n<p>Obten\u00e9 mayores y m\u00e1s fuertes erecciones y aument\u00e1 el placer con esta funda peneana. Hecha en TPR suave su cuerpo cubrir\u00e1 tu pene d\u00e1ndole mayor textura y m\u00e1s grosor. Calza ajustando la base del pene retrasando la eyaculaci\u00f3n y extendiendo la erecci\u00f3n, mientras su textura le da mayor climax y placer a ambos.<\/p>\n<p><strong>Caracter\u00edsticas:<\/strong><\/p>\n<ul>\n<li>Funda peneana<\/li>\n<li>Textura<\/li>\n<li>Retrasa eyaculaci\u00f3n<\/li>\n<li>TPR Premium<\/li>\n<li>Peso: 23 gr.<\/li>\n<li>Libre de Ftalatos<\/li>\n<\/ul>\n<p><strong>Medidas:<\/strong>\u00a011,7 cm x 3,6 cm<\/p>\n","protected":false},"excerpt":{"rendered":"<p>\u00bfCu\u00e1l es la diferencia entre una funda peneana y una pr\u00f3tesis peneana?<\/p>\n<p>Las fundas peneana tienen la funci\u00f3n de darle m\u00e1s longitud y grosor al pene erecto, las mismas se colocan sobre el pene, son el\u00e1sticas y no se pueden utilizar sin erecci\u00f3n. Las pr\u00f3tesis peneanas son r\u00edgidas, no tienen flexibilidad y se pueden utilizar con o sin erecci\u00f3n. (Importante: Las fundas y las pr\u00f3tesis no reemplazan al preservativo)<\/p>\n","protected":false},"featured_media":6406,"template":"","meta":{"_et_pb_use_builder":"","_et_pb_old_content":"","_et_gb_content_width":"","_joinchat":[]},"product_brand":[],"product_cat":[24,44],"product_tag":[],"class_list":{"0":"post-6403","1":"product","2":"type-product","3":"status-publish","4":"has-post-thumbnail","6":"product_cat-accesorios","7":"product_cat-protesis","9":"first","10":"instock","11":"shipping-taxable","12":"purchasable","13":"product-type-simple"},"_links":{"self":[{"href":"https:\/\/www.sexshop.com.ar\/web\/wp-json\/wp\/v2\/product\/6403","targetHints":{"allow":["GET"]}}],"collection":[{"href":"https:\/\/www.sexshop.com.ar\/web\/wp-json\/wp\/v2\/product"}],"about":[{"href":"https:\/\/www.sexshop.com.ar\/web\/wp-json\/wp\/v2\/types\/product"}],"wp:featuredmedia":[{"embeddable":true,"href":"https:\/\/www.sexshop.com.ar\/web\/wp-json\/wp\/v2\/media\/6406"}],"wp:attachment":[{"href":"https:\/\/www.sexshop.com.ar\/web\/wp-json\/wp\/v2\/media?parent=6403"}],"wp:term":[{"taxonomy":"product_brand","embeddable":true,"href":"https:\/\/www.sexshop.com.ar\/web\/wp-json\/wp\/v2\/product_brand?post=6403"},{"taxonomy":"product_cat","embeddable":true,"href":"https:\/\/www.sexshop.com.ar\/web\/wp-json\/wp\/v2\/product_cat?post=6403"},{"taxonomy":"product_tag","embeddable":true,"href":"https:\/\/www.sexshop.com.ar\/web\/wp-json\/wp\/v2\/product_tag?post=6403"}],"curies":[{"name":"wp","href":"https:\/\/api.w.org\/{rel}","templated":true}]}}