{"id":6416,"date":"2024-02-19T19:05:26","date_gmt":"2024-02-19T22:05:26","guid":{"rendered":"https:\/\/www.sexshop.com.ar\/web\/?post_type=product&#038;p=6416"},"modified":"2025-01-27T11:56:52","modified_gmt":"2025-01-27T14:56:52","slug":"flute-girl-vagina","status":"publish","type":"product","link":"https:\/\/www.sexshop.com.ar\/web\/producto\/flute-girl-vagina\/","title":{"rendered":"Flute Girl VAGINA"},"content":{"rendered":"<p><strong>Caracter\u00edsticas:<\/strong><\/p>\n<ul>\n<li>Masturbador maculino.<\/li>\n<li>Orificio: Boca<\/li>\n<li>Efecto: Succi\u00f3n (Blow Job)<\/li>\n<li>Bomba de aire<\/li>\n<li>Siliconado, suave<\/li>\n<li>Reutilizable<\/li>\n<li>Seguro al cuerpo<\/li>\n<li>Libre de Ftalatos<\/li>\n<\/ul>\n<p><strong>Medidas:<\/strong>\u00a014,6 cm x 4,5 cm<\/p>\n<p>Dise\u00f1ado en EEUU con las m\u00e1s estrictas normas de calidad<\/p>\n","protected":false},"excerpt":{"rendered":"<p>SKU BM-009139Q<\/p>\n<p><strong>BAILE FLUTE GIRL\u00a0MASTURBATOR<\/strong><\/p>\n<p>Te presentamos este masturbador que simula una boca al que le hemos puesto una bomba de succi\u00f3n y una apertura estriada para una entrada \u00e9pica. Ser\u00e1 el mejor sexo oral de tu vida.<\/p>\n","protected":false},"featured_media":6417,"template":"","meta":{"_et_pb_use_builder":"","_et_pb_old_content":"","_et_gb_content_width":"","_joinchat":[]},"product_brand":[],"product_cat":[33,41],"product_tag":[],"class_list":{"0":"post-6416","1":"product","2":"type-product","3":"status-publish","4":"has-post-thumbnail","6":"product_cat-ellos","7":"product_cat-vaginas-munecas-y-munecos","9":"first","10":"instock","11":"shipping-taxable","12":"purchasable","13":"product-type-simple"},"_links":{"self":[{"href":"https:\/\/www.sexshop.com.ar\/web\/wp-json\/wp\/v2\/product\/6416","targetHints":{"allow":["GET"]}}],"collection":[{"href":"https:\/\/www.sexshop.com.ar\/web\/wp-json\/wp\/v2\/product"}],"about":[{"href":"https:\/\/www.sexshop.com.ar\/web\/wp-json\/wp\/v2\/types\/product"}],"wp:featuredmedia":[{"embeddable":true,"href":"https:\/\/www.sexshop.com.ar\/web\/wp-json\/wp\/v2\/media\/6417"}],"wp:attachment":[{"href":"https:\/\/www.sexshop.com.ar\/web\/wp-json\/wp\/v2\/media?parent=6416"}],"wp:term":[{"taxonomy":"product_brand","embeddable":true,"href":"https:\/\/www.sexshop.com.ar\/web\/wp-json\/wp\/v2\/product_brand?post=6416"},{"taxonomy":"product_cat","embeddable":true,"href":"https:\/\/www.sexshop.com.ar\/web\/wp-json\/wp\/v2\/product_cat?post=6416"},{"taxonomy":"product_tag","embeddable":true,"href":"https:\/\/www.sexshop.com.ar\/web\/wp-json\/wp\/v2\/product_tag?post=6416"}],"curies":[{"name":"wp","href":"https:\/\/api.w.org\/{rel}","templated":true}]}}