{"id":6459,"date":"2024-02-19T19:52:13","date_gmt":"2024-02-19T22:52:13","guid":{"rendered":"https:\/\/www.sexshop.com.ar\/web\/?post_type=product&#038;p=6459"},"modified":"2025-02-10T17:02:58","modified_gmt":"2025-02-10T20:02:58","slug":"dual-penetrator-vibrador","status":"publish","type":"product","link":"https:\/\/www.sexshop.com.ar\/web\/producto\/dual-penetrator-vibrador\/","title":{"rendered":"Dual Penetrator Vibrador"},"content":{"rendered":"<p><strong>Caracter\u00edsticas:<\/strong><\/p>\n<ul>\n<li>Consolador vibrador doble penetraci\u00f3n<\/li>\n<li>Vibraci\u00f3n, multi-velocidad<\/li>\n<li>Color rosa o azul transparente<\/li>\n<li>Para utilizar solas o en pareja<\/li>\n<li>Suave<\/li>\n<li>Seguro al cuerpo<\/li>\n<li>2 Pilas AAA (No incluidas)<\/li>\n<li>Libre de Ftalatos<\/li>\n<li>Utilizar con lubricante<\/li>\n<\/ul>\n<p><strong>Medidas:<br \/>\n<\/strong>Largo total:\u00a026 cm<br \/>\nDildo vaginal insertable:\u00a012 cm.\u00a0x\u00a02,5 cm<br \/>\nDildo anal insertable:11 cm. x\u00a02 cm<\/p>\n<p><em>Alcanz\u00e1 tu mejor orgasmo \u00a1Disfr\u00fatalo!<\/em><\/p>\n","protected":false},"excerpt":{"rendered":"<p>Vibrador de doble penetraci\u00f3n lleno de energ\u00eda para lograr el doble de placer y goce. Es flexible y cuenta con m\u00faltiples velocidades para la\u00a0estimulaci\u00f3n anal y vaginal. Est\u00e1 dise\u00f1ado para la anatom\u00eda femenina, conformado\u00a0con un consolador y un tap\u00f3n anal de 5 cuentas en un eje, Suave pero un poco firme, te brindar\u00e1 el placer inimaginable. Dise\u00f1ado para usar solo o con una pareja.<\/p>\n","protected":false},"featured_media":6461,"template":"","meta":{"_et_pb_use_builder":"","_et_pb_old_content":"","_et_gb_content_width":"","_joinchat":[]},"product_brand":[],"product_cat":[18],"product_tag":[],"class_list":{"0":"post-6459","1":"product","2":"type-product","3":"status-publish","4":"has-post-thumbnail","6":"product_cat-vibradores","8":"first","9":"instock","10":"shipping-taxable","11":"purchasable","12":"product-type-simple"},"_links":{"self":[{"href":"https:\/\/www.sexshop.com.ar\/web\/wp-json\/wp\/v2\/product\/6459","targetHints":{"allow":["GET"]}}],"collection":[{"href":"https:\/\/www.sexshop.com.ar\/web\/wp-json\/wp\/v2\/product"}],"about":[{"href":"https:\/\/www.sexshop.com.ar\/web\/wp-json\/wp\/v2\/types\/product"}],"wp:featuredmedia":[{"embeddable":true,"href":"https:\/\/www.sexshop.com.ar\/web\/wp-json\/wp\/v2\/media\/6461"}],"wp:attachment":[{"href":"https:\/\/www.sexshop.com.ar\/web\/wp-json\/wp\/v2\/media?parent=6459"}],"wp:term":[{"taxonomy":"product_brand","embeddable":true,"href":"https:\/\/www.sexshop.com.ar\/web\/wp-json\/wp\/v2\/product_brand?post=6459"},{"taxonomy":"product_cat","embeddable":true,"href":"https:\/\/www.sexshop.com.ar\/web\/wp-json\/wp\/v2\/product_cat?post=6459"},{"taxonomy":"product_tag","embeddable":true,"href":"https:\/\/www.sexshop.com.ar\/web\/wp-json\/wp\/v2\/product_tag?post=6459"}],"curies":[{"name":"wp","href":"https:\/\/api.w.org\/{rel}","templated":true}]}}