{"id":6482,"date":"2024-02-19T20:13:10","date_gmt":"2024-02-19T23:13:10","guid":{"rendered":"https:\/\/www.sexshop.com.ar\/web\/?post_type=product&#038;p=6482"},"modified":"2025-02-03T17:36:07","modified_gmt":"2025-02-03T20:36:07","slug":"muneca-extreme-doll","status":"publish","type":"product","link":"https:\/\/www.sexshop.com.ar\/web\/producto\/muneca-extreme-doll\/","title":{"rendered":"Mu\u00f1eca Extreme Doll"},"content":{"rendered":"<p>&nbsp;<\/p>\n<ul>\n<li>Inflable<\/li>\n<li>Libre de Ftalatos<\/li>\n<\/ul>\n","protected":false},"excerpt":{"rendered":"<p><strong>MU\u00d1ECA EXTREME DOLL<\/strong><\/p>\n<p>\u00abHola chicos, me olvid\u00e9 de usar ropa interior para esta sesi\u00f3n de fotos &#8230; lo siento si he ofendido a alguien! Supongo que es por eso que me llaman Allie McSqueal &#8211; nunca se sabe cu\u00e1ndo vas a encontrar con un hombre caliente, as\u00ed que siempre estoy lista! Espero que te guste mi peque\u00f1a zanja apretada &#8211; me depil\u00e9 solo para ti, s\u00e9 lo mucho que te gusta de esa manera. Tambi\u00e9n tengo tetas firmes y alegres y me encanta cuando pellizcas mis pezones! No hace falta mucho para ponerme caliente, simplemente hablar as\u00ed me moja un poco! \u00bfQu\u00e9 est\u00e1s esperando? \u00a1Estoy lista para vos!\u00bb<\/p>\n","protected":false},"featured_media":6483,"template":"","meta":{"_et_pb_use_builder":"","_et_pb_old_content":"","_et_gb_content_width":"","_joinchat":[]},"product_brand":[],"product_cat":[41],"product_tag":[],"class_list":{"0":"post-6482","1":"product","2":"type-product","3":"status-publish","4":"has-post-thumbnail","6":"product_cat-vaginas-munecas-y-munecos","8":"first","9":"instock","10":"shipping-taxable","11":"purchasable","12":"product-type-simple"},"_links":{"self":[{"href":"https:\/\/www.sexshop.com.ar\/web\/wp-json\/wp\/v2\/product\/6482","targetHints":{"allow":["GET"]}}],"collection":[{"href":"https:\/\/www.sexshop.com.ar\/web\/wp-json\/wp\/v2\/product"}],"about":[{"href":"https:\/\/www.sexshop.com.ar\/web\/wp-json\/wp\/v2\/types\/product"}],"wp:featuredmedia":[{"embeddable":true,"href":"https:\/\/www.sexshop.com.ar\/web\/wp-json\/wp\/v2\/media\/6483"}],"wp:attachment":[{"href":"https:\/\/www.sexshop.com.ar\/web\/wp-json\/wp\/v2\/media?parent=6482"}],"wp:term":[{"taxonomy":"product_brand","embeddable":true,"href":"https:\/\/www.sexshop.com.ar\/web\/wp-json\/wp\/v2\/product_brand?post=6482"},{"taxonomy":"product_cat","embeddable":true,"href":"https:\/\/www.sexshop.com.ar\/web\/wp-json\/wp\/v2\/product_cat?post=6482"},{"taxonomy":"product_tag","embeddable":true,"href":"https:\/\/www.sexshop.com.ar\/web\/wp-json\/wp\/v2\/product_tag?post=6482"}],"curies":[{"name":"wp","href":"https:\/\/api.w.org\/{rel}","templated":true}]}}