{"id":6485,"date":"2024-02-19T20:15:38","date_gmt":"2024-02-19T23:15:38","guid":{"rendered":"https:\/\/www.sexshop.com.ar\/web\/?post_type=product&#038;p=6485"},"modified":"2025-02-03T11:18:02","modified_gmt":"2025-02-03T14:18:02","slug":"blue-sexy-drops","status":"publish","type":"product","link":"https:\/\/www.sexshop.com.ar\/web\/producto\/blue-sexy-drops\/","title":{"rendered":"AFRODIS\u00cdACO MASCULINO EN GOTAS"},"content":{"rendered":"<ul>\n<li>Act\u00faa en menos de 30 minutos.<\/li>\n<li>100% ingredientes naturales.<\/li>\n<\/ul>\n<p><strong>Medida:<\/strong>\u00a020 ml.<\/p>\n","protected":false},"excerpt":{"rendered":"<p><strong>SEXITIVE POWER BLUE SEXY DROPS<\/strong><\/p>\n<p>Las Sexy\u00a0Drops\u00a0es un producto creado para potenciar la libido, sumando m\u00e1s energ\u00eda y multiplicando el vigor. Experimenta nuevas sensaciones y logra una excitaci\u00f3n extraordinaria con este suplemento para aumentar el deseo sexual.<\/p>\n<p>Una peque\u00f1a dosis de entre 10 y 14 gotas de Sexy Drops diluidas en 200ml de tu bebida favorita, ser\u00e1n m\u00e1s que suficientes para aportarnos un aumento del apetito sexual con nuestra pareja y as\u00ed alcanzar un alto rendimiento.<\/p>\n<p>Blue Sexy Drops es un afrodis\u00edaco compuesto por varios ingredientes naturales entre los que sobresale el Gingseng, que favorece el vigor en los hombres, estimula la erecci\u00f3n e incrementa el rendimiento sexual. Tambi\u00e9n cuenta con extracto de Guaran\u00e1 y Schizandra que son unos de los principales activos de esta f\u00f3rmula exclusiva.<\/p>\n","protected":false},"featured_media":6486,"template":"","meta":{"_et_pb_use_builder":"","_et_pb_old_content":"","_et_gb_content_width":"","_joinchat":[]},"product_brand":[],"product_cat":[25,35],"product_tag":[],"class_list":{"0":"post-6485","1":"product","2":"type-product","3":"status-publish","4":"has-post-thumbnail","6":"product_cat-afrodisiacos","7":"product_cat-geles-y-lubricantes","9":"first","10":"instock","11":"shipping-taxable","12":"purchasable","13":"product-type-simple"},"_links":{"self":[{"href":"https:\/\/www.sexshop.com.ar\/web\/wp-json\/wp\/v2\/product\/6485","targetHints":{"allow":["GET"]}}],"collection":[{"href":"https:\/\/www.sexshop.com.ar\/web\/wp-json\/wp\/v2\/product"}],"about":[{"href":"https:\/\/www.sexshop.com.ar\/web\/wp-json\/wp\/v2\/types\/product"}],"wp:featuredmedia":[{"embeddable":true,"href":"https:\/\/www.sexshop.com.ar\/web\/wp-json\/wp\/v2\/media\/6486"}],"wp:attachment":[{"href":"https:\/\/www.sexshop.com.ar\/web\/wp-json\/wp\/v2\/media?parent=6485"}],"wp:term":[{"taxonomy":"product_brand","embeddable":true,"href":"https:\/\/www.sexshop.com.ar\/web\/wp-json\/wp\/v2\/product_brand?post=6485"},{"taxonomy":"product_cat","embeddable":true,"href":"https:\/\/www.sexshop.com.ar\/web\/wp-json\/wp\/v2\/product_cat?post=6485"},{"taxonomy":"product_tag","embeddable":true,"href":"https:\/\/www.sexshop.com.ar\/web\/wp-json\/wp\/v2\/product_tag?post=6485"}],"curies":[{"name":"wp","href":"https:\/\/api.w.org\/{rel}","templated":true}]}}