{"id":6489,"date":"2024-02-26T18:23:19","date_gmt":"2024-02-26T21:23:19","guid":{"rendered":"https:\/\/www.sexshop.com.ar\/web\/?post_type=product&#038;p=6489"},"modified":"2025-01-20T16:28:08","modified_gmt":"2025-01-20T19:28:08","slug":"john-hot-macizo","status":"publish","type":"product","link":"https:\/\/www.sexshop.com.ar\/web\/producto\/john-hot-macizo\/","title":{"rendered":"John hot Macizo"},"content":{"rendered":"<p><strong>Caracter\u00edsticas:<\/strong><\/p>\n<ul>\n<li>Consolador realista<\/li>\n<li>Suave, venoso.<\/li>\n<li>Macizo<\/li>\n<li>Ventosa en su base<\/li>\n<li>Apto uso arn\u00e9s<\/li>\n<li>Color: Piel<\/li>\n<\/ul>\n<p><strong>Medidas:<\/strong>\u00a019 cm x 3,5 cm<\/p>\n","protected":false},"excerpt":{"rendered":"<p>SKU 2604-03<\/p>\n<p><strong>PURE SILICONE JOHN HOT<\/strong><\/p>\n<p>Consolador macizo flexibles, ultra suave\u00a0y est\u00e1\u00a0preparados para responder a todas tus exigencias sexuales. Color piel de m\u00e1xima calidad, vivir\u00e1s una nueva experiencia. Acompa\u00f1alo usando siempre lubricantes a base de agua para un m\u00e1ximo placer.<\/p>\n","protected":false},"featured_media":6491,"template":"","meta":{"_et_pb_use_builder":"","_et_pb_old_content":"","_et_gb_content_width":"","_joinchat":[]},"product_brand":[],"product_cat":[29],"product_tag":[],"class_list":{"0":"post-6489","1":"product","2":"type-product","3":"status-publish","4":"has-post-thumbnail","6":"product_cat-consoladores-y-dildos","8":"first","9":"instock","10":"shipping-taxable","11":"purchasable","12":"product-type-simple"},"_links":{"self":[{"href":"https:\/\/www.sexshop.com.ar\/web\/wp-json\/wp\/v2\/product\/6489","targetHints":{"allow":["GET"]}}],"collection":[{"href":"https:\/\/www.sexshop.com.ar\/web\/wp-json\/wp\/v2\/product"}],"about":[{"href":"https:\/\/www.sexshop.com.ar\/web\/wp-json\/wp\/v2\/types\/product"}],"wp:featuredmedia":[{"embeddable":true,"href":"https:\/\/www.sexshop.com.ar\/web\/wp-json\/wp\/v2\/media\/6491"}],"wp:attachment":[{"href":"https:\/\/www.sexshop.com.ar\/web\/wp-json\/wp\/v2\/media?parent=6489"}],"wp:term":[{"taxonomy":"product_brand","embeddable":true,"href":"https:\/\/www.sexshop.com.ar\/web\/wp-json\/wp\/v2\/product_brand?post=6489"},{"taxonomy":"product_cat","embeddable":true,"href":"https:\/\/www.sexshop.com.ar\/web\/wp-json\/wp\/v2\/product_cat?post=6489"},{"taxonomy":"product_tag","embeddable":true,"href":"https:\/\/www.sexshop.com.ar\/web\/wp-json\/wp\/v2\/product_tag?post=6489"}],"curies":[{"name":"wp","href":"https:\/\/api.w.org\/{rel}","templated":true}]}}