{"id":6494,"date":"2024-02-26T18:28:55","date_gmt":"2024-02-26T21:28:55","guid":{"rendered":"https:\/\/www.sexshop.com.ar\/web\/?post_type=product&#038;p=6494"},"modified":"2025-01-20T16:34:44","modified_gmt":"2025-01-20T19:34:44","slug":"invasor-anal","status":"publish","type":"product","link":"https:\/\/www.sexshop.com.ar\/web\/producto\/invasor-anal\/","title":{"rendered":"Invasor Anal"},"content":{"rendered":"<p><strong>Caracter\u00edsticas:<\/strong><\/p>\n<ul>\n<li>Consolador anal unisex<\/li>\n<li>Beads escalonadas<\/li>\n<li>Suave, flexible<\/li>\n<li>Seguro al cuerpo<\/li>\n<li>Libre de Ftalatos<\/li>\n<\/ul>\n<p><strong>Medidas:<\/strong>\u00a017 cm x 3,2 cm (Insertable: 14 cm)<\/p>\n","protected":false},"excerpt":{"rendered":"<p>SKU 4611-03<\/p>\n<p><strong>INVASOR ANAL<\/strong><\/p>\n<p>Le har\u00e1 honor a su nombre, invadir\u00e1 cada cent\u00edmetro de tu ano con sus beads escalonadas. A medida que se inserta te ir\u00e1 dilatando el orificio anal y as\u00ed ir\u00e1s sintiendo como este suave y flexible consolador anal.<\/p>\n","protected":false},"featured_media":6495,"template":"","meta":{"_et_pb_use_builder":"","_et_pb_old_content":"","_et_gb_content_width":"","_joinchat":[]},"product_brand":[],"product_cat":[28],"product_tag":[],"class_list":{"0":"post-6494","1":"product","2":"type-product","3":"status-publish","4":"has-post-thumbnail","6":"product_cat-consoladores-anales","8":"first","9":"instock","10":"shipping-taxable","11":"purchasable","12":"product-type-simple"},"_links":{"self":[{"href":"https:\/\/www.sexshop.com.ar\/web\/wp-json\/wp\/v2\/product\/6494","targetHints":{"allow":["GET"]}}],"collection":[{"href":"https:\/\/www.sexshop.com.ar\/web\/wp-json\/wp\/v2\/product"}],"about":[{"href":"https:\/\/www.sexshop.com.ar\/web\/wp-json\/wp\/v2\/types\/product"}],"wp:featuredmedia":[{"embeddable":true,"href":"https:\/\/www.sexshop.com.ar\/web\/wp-json\/wp\/v2\/media\/6495"}],"wp:attachment":[{"href":"https:\/\/www.sexshop.com.ar\/web\/wp-json\/wp\/v2\/media?parent=6494"}],"wp:term":[{"taxonomy":"product_brand","embeddable":true,"href":"https:\/\/www.sexshop.com.ar\/web\/wp-json\/wp\/v2\/product_brand?post=6494"},{"taxonomy":"product_cat","embeddable":true,"href":"https:\/\/www.sexshop.com.ar\/web\/wp-json\/wp\/v2\/product_cat?post=6494"},{"taxonomy":"product_tag","embeddable":true,"href":"https:\/\/www.sexshop.com.ar\/web\/wp-json\/wp\/v2\/product_tag?post=6494"}],"curies":[{"name":"wp","href":"https:\/\/api.w.org\/{rel}","templated":true}]}}