{"id":6497,"date":"2024-02-26T18:34:24","date_gmt":"2024-02-26T21:34:24","guid":{"rendered":"https:\/\/www.sexshop.com.ar\/web\/?post_type=product&#038;p=6497"},"modified":"2026-02-16T12:18:06","modified_gmt":"2026-02-16T15:18:06","slug":"nipple-clamps","status":"publish","type":"product","link":"https:\/\/www.sexshop.com.ar\/web\/producto\/nipple-clamps\/","title":{"rendered":"PEZONERA CON VIBRADOR Nipple Clamps"},"content":{"rendered":"<p><strong>Caracter\u00edsticas:<\/strong><\/p>\n<ul>\n<li>7 funciones de vibraci\u00f3n<\/li>\n<li>Control remoto<\/li>\n<li>3 pilas AAA<\/li>\n<li>Material: ABS \/ PVC<\/li>\n<li>Libre de Ftalatos<\/li>\n<\/ul>\n<p><strong>Medidas:<\/strong>\u00a05 cm<\/p>\n<p>Dise\u00f1ado en EEUU con las m\u00e1s estrictas normas de calidad.<\/p>\n","protected":false},"excerpt":{"rendered":"<p>SKU BI-036020<\/p>\n<p><strong>NIPLE CLAMPS<\/strong><\/p>\n<p>Si quieres m\u00e1s estimulaci\u00f3n en los pezones tienes que tener estas pinzas con vibraci\u00f3n a control remoto. Cuentan con 7 funciones de vibraci\u00f3n que podr\u00e1s ir probando hasta dar con tu favorito. Puedes usarlas para jugar en solitario o dale el control a tu pareja y sucumbir al placer.<\/p>\n","protected":false},"featured_media":6500,"template":"","meta":{"_et_pb_use_builder":"","_et_pb_old_content":"","_et_gb_content_width":"","_joinchat":[]},"product_brand":[],"product_cat":[30,32,42],"product_tag":[],"class_list":{"0":"post-6497","1":"product","2":"type-product","3":"status-publish","4":"has-post-thumbnail","6":"product_cat-cueros","7":"product_cat-ellas","8":"product_cat-novedades","10":"first","11":"instock","12":"shipping-taxable","13":"purchasable","14":"product-type-simple"},"_links":{"self":[{"href":"https:\/\/www.sexshop.com.ar\/web\/wp-json\/wp\/v2\/product\/6497","targetHints":{"allow":["GET"]}}],"collection":[{"href":"https:\/\/www.sexshop.com.ar\/web\/wp-json\/wp\/v2\/product"}],"about":[{"href":"https:\/\/www.sexshop.com.ar\/web\/wp-json\/wp\/v2\/types\/product"}],"wp:featuredmedia":[{"embeddable":true,"href":"https:\/\/www.sexshop.com.ar\/web\/wp-json\/wp\/v2\/media\/6500"}],"wp:attachment":[{"href":"https:\/\/www.sexshop.com.ar\/web\/wp-json\/wp\/v2\/media?parent=6497"}],"wp:term":[{"taxonomy":"product_brand","embeddable":true,"href":"https:\/\/www.sexshop.com.ar\/web\/wp-json\/wp\/v2\/product_brand?post=6497"},{"taxonomy":"product_cat","embeddable":true,"href":"https:\/\/www.sexshop.com.ar\/web\/wp-json\/wp\/v2\/product_cat?post=6497"},{"taxonomy":"product_tag","embeddable":true,"href":"https:\/\/www.sexshop.com.ar\/web\/wp-json\/wp\/v2\/product_tag?post=6497"}],"curies":[{"name":"wp","href":"https:\/\/api.w.org\/{rel}","templated":true}]}}