{"id":6508,"date":"2024-02-26T18:43:13","date_gmt":"2024-02-26T21:43:13","guid":{"rendered":"https:\/\/www.sexshop.com.ar\/web\/?post_type=product&#038;p=6508"},"modified":"2025-02-10T17:01:44","modified_gmt":"2025-02-10T20:01:44","slug":"jumbo","status":"publish","type":"product","link":"https:\/\/www.sexshop.com.ar\/web\/producto\/jumbo\/","title":{"rendered":"Super Jumbo"},"content":{"rendered":"<p><strong>Caracter\u00edsticas:<\/strong><\/p>\n<ul>\n<li>Consolador<\/li>\n<li>Dise\u00f1o Real\u00edstico<\/li>\n<li>Color piel<\/li>\n<li>Textura suave<\/li>\n<li>Glande y venas<\/li>\n<li>Ventosa adherente<\/li>\n<li>Material: Siliconado<\/li>\n<li>Apto uso arn\u00e9s<\/li>\n<\/ul>\n<p><strong>Medidas:<\/strong><\/p>\n<ul>\n<li>Largo total:\u00a023 cm<\/li>\n<li>Di\u00e1metro\u00a05,5 cm<\/li>\n<\/ul>\n<p><em>Alcanz\u00e1 el mejor orgasmo \u00a1Disfrutalo!<\/em><\/p>\n","protected":false},"excerpt":{"rendered":"<p>SKU 2419-13<\/p>\n<p><strong>CONSOLADOR JUMBO<\/strong><\/p>\n<p>Se siente como un pene verdadero, su firme erecci\u00f3n provoca sensaciones inigualables, le ocasionar\u00e1 m\u00faltiples orgasmo. Su base robusta permite una estimulaci\u00f3n adicional para tus sentidos y zona er\u00f3gena. La ventosa adherente permite que juegues \u00abmanos libres\u00bb o lo sujetes con un arn\u00e9s. Artesanales, estos consoladores simulan el pene del hombre en todos sus detalles.<\/p>\n","protected":false},"featured_media":6511,"template":"","meta":{"_et_pb_use_builder":"","_et_pb_old_content":"","_et_gb_content_width":"","_joinchat":[]},"product_brand":[],"product_cat":[29],"product_tag":[],"class_list":{"0":"post-6508","1":"product","2":"type-product","3":"status-publish","4":"has-post-thumbnail","6":"product_cat-consoladores-y-dildos","8":"first","9":"instock","10":"shipping-taxable","11":"purchasable","12":"product-type-simple"},"_links":{"self":[{"href":"https:\/\/www.sexshop.com.ar\/web\/wp-json\/wp\/v2\/product\/6508","targetHints":{"allow":["GET"]}}],"collection":[{"href":"https:\/\/www.sexshop.com.ar\/web\/wp-json\/wp\/v2\/product"}],"about":[{"href":"https:\/\/www.sexshop.com.ar\/web\/wp-json\/wp\/v2\/types\/product"}],"wp:featuredmedia":[{"embeddable":true,"href":"https:\/\/www.sexshop.com.ar\/web\/wp-json\/wp\/v2\/media\/6511"}],"wp:attachment":[{"href":"https:\/\/www.sexshop.com.ar\/web\/wp-json\/wp\/v2\/media?parent=6508"}],"wp:term":[{"taxonomy":"product_brand","embeddable":true,"href":"https:\/\/www.sexshop.com.ar\/web\/wp-json\/wp\/v2\/product_brand?post=6508"},{"taxonomy":"product_cat","embeddable":true,"href":"https:\/\/www.sexshop.com.ar\/web\/wp-json\/wp\/v2\/product_cat?post=6508"},{"taxonomy":"product_tag","embeddable":true,"href":"https:\/\/www.sexshop.com.ar\/web\/wp-json\/wp\/v2\/product_tag?post=6508"}],"curies":[{"name":"wp","href":"https:\/\/api.w.org\/{rel}","templated":true}]}}