{"id":6518,"date":"2024-02-26T18:54:43","date_gmt":"2024-02-26T21:54:43","guid":{"rendered":"https:\/\/www.sexshop.com.ar\/web\/?post_type=product&#038;p=6518"},"modified":"2025-01-20T16:31:21","modified_gmt":"2025-01-20T19:31:21","slug":"consolador-cliterific","status":"publish","type":"product","link":"https:\/\/www.sexshop.com.ar\/web\/producto\/consolador-cliterific\/","title":{"rendered":"Consolador Cliterific"},"content":{"rendered":"<p><strong>Caracter\u00edsticas:<\/strong><\/p>\n<ul>\n<li>Consolador real\u00edstico<\/li>\n<li>Estimulaci\u00f3n clitoris<\/li>\n<li>Ventosa adherente<\/li>\n<li>Apto uso arn\u00e9s<\/li>\n<li>Material: Siliconado<\/li>\n<\/ul>\n<p><strong>Medidas:\u00a0<\/strong>19 cm x 4 cm (Insertable 15 cm)<\/p>\n","protected":false},"excerpt":{"rendered":"<p>SKU 2600-03<\/p>\n<p><strong>CLITERIFIC DILDO CONSOLADOR REAL\u00cdSTICO<\/strong><\/p>\n<p>Deleita tus placer m\u00e1s \u00edntimos con la experiencia real\u00edstica de la l\u00ednea Pure Silicone, el Cliterific ofrece la sensaci\u00f3n real de un pene con glande bien marcada y un cuerpo robusto texturado para que con cada penetraci\u00f3n sientas una estimulaci\u00f3n adicional en tu cl\u00edtoris. Su cuerpo\u00a0suave y con\u00a0cada penetraci\u00f3n ser\u00e1 una experiencia de placer puro. En su base, una ventosa adherente para el juego sin manos.<\/p>\n","protected":false},"featured_media":6519,"template":"","meta":{"_et_pb_use_builder":"","_et_pb_old_content":"","_et_gb_content_width":"","_joinchat":[]},"product_brand":[],"product_cat":[29],"product_tag":[],"class_list":{"0":"post-6518","1":"product","2":"type-product","3":"status-publish","4":"has-post-thumbnail","6":"product_cat-consoladores-y-dildos","8":"first","9":"instock","10":"shipping-taxable","11":"purchasable","12":"product-type-simple"},"_links":{"self":[{"href":"https:\/\/www.sexshop.com.ar\/web\/wp-json\/wp\/v2\/product\/6518","targetHints":{"allow":["GET"]}}],"collection":[{"href":"https:\/\/www.sexshop.com.ar\/web\/wp-json\/wp\/v2\/product"}],"about":[{"href":"https:\/\/www.sexshop.com.ar\/web\/wp-json\/wp\/v2\/types\/product"}],"wp:featuredmedia":[{"embeddable":true,"href":"https:\/\/www.sexshop.com.ar\/web\/wp-json\/wp\/v2\/media\/6519"}],"wp:attachment":[{"href":"https:\/\/www.sexshop.com.ar\/web\/wp-json\/wp\/v2\/media?parent=6518"}],"wp:term":[{"taxonomy":"product_brand","embeddable":true,"href":"https:\/\/www.sexshop.com.ar\/web\/wp-json\/wp\/v2\/product_brand?post=6518"},{"taxonomy":"product_cat","embeddable":true,"href":"https:\/\/www.sexshop.com.ar\/web\/wp-json\/wp\/v2\/product_cat?post=6518"},{"taxonomy":"product_tag","embeddable":true,"href":"https:\/\/www.sexshop.com.ar\/web\/wp-json\/wp\/v2\/product_tag?post=6518"}],"curies":[{"name":"wp","href":"https:\/\/api.w.org\/{rel}","templated":true}]}}