{"id":6548,"date":"2024-02-26T19:26:36","date_gmt":"2024-02-26T22:26:36","guid":{"rendered":"https:\/\/www.sexshop.com.ar\/web\/?post_type=product&#038;p=6548"},"modified":"2025-02-03T18:20:03","modified_gmt":"2025-02-03T21:20:03","slug":"vibrador-recargable-usb-multifuncion-silicona","status":"publish","type":"product","link":"https:\/\/www.sexshop.com.ar\/web\/producto\/vibrador-recargable-usb-multifuncion-silicona\/","title":{"rendered":"Vibrador Recargable Usb 30 Funciones &#8211; Silicona"},"content":{"rendered":"<p><strong>Caracter\u00edsticas:<\/strong><\/p>\n<ul>\n<li>Medidas:\u00a0Di\u00e1metro mayor 3,2 cm.\u00a0\u00a0\u00a0Longitud insertable 14,5 cm.\u00a0\u00a0\u00a0Longitud total 20,5 cm.<\/li>\n<li>Materiales:\u00a0Silicona<\/li>\n<li>Texturas:\u00a0Suave<\/li>\n<\/ul>\n<p>&nbsp;<\/p>\n<p>Atr\u00e9vete\u00a0a disfrutar&#8230;<\/p>\n","protected":false},"excerpt":{"rendered":"<p><strong>\u00a1Satisfacerte nunca fue tan f\u00e1cil, con este incre\u00edble juguete!<\/strong><\/p>\n<p>Gracias a la suavidad de este producto, sum\u00e1ndole su doble motor, podr\u00e1s llegar al m\u00e1ximo de tus orgasmos&#8230; \u00a1jugando con sus 30 funciones!<\/p>\n","protected":false},"featured_media":6549,"template":"","meta":{"_et_pb_use_builder":"","_et_pb_old_content":"","_et_gb_content_width":"","_joinchat":[]},"product_brand":[],"product_cat":[18],"product_tag":[],"class_list":{"0":"post-6548","1":"product","2":"type-product","3":"status-publish","4":"has-post-thumbnail","6":"product_cat-vibradores","8":"first","9":"instock","10":"sale","11":"shipping-taxable","12":"purchasable","13":"product-type-simple"},"_links":{"self":[{"href":"https:\/\/www.sexshop.com.ar\/web\/wp-json\/wp\/v2\/product\/6548","targetHints":{"allow":["GET"]}}],"collection":[{"href":"https:\/\/www.sexshop.com.ar\/web\/wp-json\/wp\/v2\/product"}],"about":[{"href":"https:\/\/www.sexshop.com.ar\/web\/wp-json\/wp\/v2\/types\/product"}],"wp:featuredmedia":[{"embeddable":true,"href":"https:\/\/www.sexshop.com.ar\/web\/wp-json\/wp\/v2\/media\/6549"}],"wp:attachment":[{"href":"https:\/\/www.sexshop.com.ar\/web\/wp-json\/wp\/v2\/media?parent=6548"}],"wp:term":[{"taxonomy":"product_brand","embeddable":true,"href":"https:\/\/www.sexshop.com.ar\/web\/wp-json\/wp\/v2\/product_brand?post=6548"},{"taxonomy":"product_cat","embeddable":true,"href":"https:\/\/www.sexshop.com.ar\/web\/wp-json\/wp\/v2\/product_cat?post=6548"},{"taxonomy":"product_tag","embeddable":true,"href":"https:\/\/www.sexshop.com.ar\/web\/wp-json\/wp\/v2\/product_tag?post=6548"}],"curies":[{"name":"wp","href":"https:\/\/api.w.org\/{rel}","templated":true}]}}