{"id":6573,"date":"2024-02-26T20:03:17","date_gmt":"2024-02-26T23:03:17","guid":{"rendered":"https:\/\/www.sexshop.com.ar\/web\/?post_type=product&#038;p=6573"},"modified":"2024-12-16T17:55:10","modified_gmt":"2024-12-16T20:55:10","slug":"vedo-frisky-bunny","status":"publish","type":"product","link":"https:\/\/www.sexshop.com.ar\/web\/producto\/vedo-frisky-bunny\/","title":{"rendered":"VEDO Frisky Bunny USB"},"content":{"rendered":"<p><strong>Caracter\u00edsticas:<\/strong><\/p>\n<ul>\n<li>Anillo peneano con vibraci\u00f3n<\/li>\n<li>Estimulador clitorial (Conejito)<\/li>\n<li>Motores potentes<\/li>\n<li>5 modos de vibraci\u00f3n<\/li>\n<li>Un bot\u00f3n de control f\u00e1cil<\/li>\n<li>Extremadamente silencioso<\/li>\n<li>Silicona lisa y muy suave.<\/li>\n<li>Di\u00e1metro adaptable, el\u00e1stico.<\/li>\n<li>A prueba de salpicaduras.<\/li>\n<li>Recargable (cable USB incluido)<\/li>\n<li>Tiempo de funcionamiento 1 hora<\/li>\n<li>Seguro al cuerpo<\/li>\n<li>Libre de Ftalatos<\/li>\n<\/ul>\n<p><strong>Medidas:<\/strong>\u00a07,8 cm x 3,2 cm<\/p>\n","protected":false},"excerpt":{"rendered":"<p><strong>VEDO FRISKY BUNNY<\/strong><\/p>\n<p>Este anillo de conejito asegurar\u00e1 que tu pareja nunca se sienta celoso de tu amor por el conejito. Dise\u00f1ado para ayudarte a permanecer m\u00e1s duro durante m\u00e1s tiempo (prolonga erecci\u00f3n), mientras que las orejas vibrantes masajean el cl\u00edtoris con cada movimiento sensual.<\/p>\n","protected":false},"featured_media":6577,"template":"","meta":{"_et_pb_use_builder":"","_et_pb_old_content":"","_et_gb_content_width":"","_joinchat":[]},"product_brand":[],"product_cat":[26],"product_tag":[],"class_list":{"0":"post-6573","1":"product","2":"type-product","3":"status-publish","4":"has-post-thumbnail","6":"product_cat-anillos-peneanos","8":"first","9":"instock","10":"sale","11":"shipping-taxable","12":"purchasable","13":"product-type-simple"},"_links":{"self":[{"href":"https:\/\/www.sexshop.com.ar\/web\/wp-json\/wp\/v2\/product\/6573","targetHints":{"allow":["GET"]}}],"collection":[{"href":"https:\/\/www.sexshop.com.ar\/web\/wp-json\/wp\/v2\/product"}],"about":[{"href":"https:\/\/www.sexshop.com.ar\/web\/wp-json\/wp\/v2\/types\/product"}],"wp:featuredmedia":[{"embeddable":true,"href":"https:\/\/www.sexshop.com.ar\/web\/wp-json\/wp\/v2\/media\/6577"}],"wp:attachment":[{"href":"https:\/\/www.sexshop.com.ar\/web\/wp-json\/wp\/v2\/media?parent=6573"}],"wp:term":[{"taxonomy":"product_brand","embeddable":true,"href":"https:\/\/www.sexshop.com.ar\/web\/wp-json\/wp\/v2\/product_brand?post=6573"},{"taxonomy":"product_cat","embeddable":true,"href":"https:\/\/www.sexshop.com.ar\/web\/wp-json\/wp\/v2\/product_cat?post=6573"},{"taxonomy":"product_tag","embeddable":true,"href":"https:\/\/www.sexshop.com.ar\/web\/wp-json\/wp\/v2\/product_tag?post=6573"}],"curies":[{"name":"wp","href":"https:\/\/api.w.org\/{rel}","templated":true}]}}