{"id":6623,"date":"2024-03-12T17:41:19","date_gmt":"2024-03-12T20:41:19","guid":{"rendered":"https:\/\/www.sexshop.com.ar\/web\/?post_type=product&#038;p=6623"},"modified":"2025-02-03T12:55:46","modified_gmt":"2025-02-03T15:55:46","slug":"gel-lubricante-strawberry-plus-aroma-frutilla","status":"publish","type":"product","link":"https:\/\/www.sexshop.com.ar\/web\/producto\/gel-lubricante-strawberry-plus-aroma-frutilla\/","title":{"rendered":"Gel Lubricante Strawberry Plus &#8211; Aroma Frutilla"},"content":{"rendered":"<ul>\n<li>Efecto: Lubricante<\/li>\n<li>Aroma: Frutilla<\/li>\n<li>Contenido: 75ml<\/li>\n<li>Marca: FyL<\/li>\n<li>Origen: Argentina<\/li>\n<\/ul>\n","protected":false},"excerpt":{"rendered":"<p>c\u00f3digo FY-FT130-006<\/p>\n<p>Aumenta la excitaci\u00f3n y el placer. Act\u00faa como un poderoso relajante que sube la estimulaci\u00f3n en momentos de stress..<\/p>\n","protected":false},"featured_media":6624,"template":"","meta":{"_et_pb_use_builder":"","_et_pb_old_content":"","_et_gb_content_width":"","_joinchat":[]},"product_brand":[],"product_cat":[35],"product_tag":[],"class_list":{"0":"post-6623","1":"product","2":"type-product","3":"status-publish","4":"has-post-thumbnail","6":"product_cat-geles-y-lubricantes","8":"first","9":"instock","10":"shipping-taxable","11":"purchasable","12":"product-type-simple"},"_links":{"self":[{"href":"https:\/\/www.sexshop.com.ar\/web\/wp-json\/wp\/v2\/product\/6623","targetHints":{"allow":["GET"]}}],"collection":[{"href":"https:\/\/www.sexshop.com.ar\/web\/wp-json\/wp\/v2\/product"}],"about":[{"href":"https:\/\/www.sexshop.com.ar\/web\/wp-json\/wp\/v2\/types\/product"}],"wp:featuredmedia":[{"embeddable":true,"href":"https:\/\/www.sexshop.com.ar\/web\/wp-json\/wp\/v2\/media\/6624"}],"wp:attachment":[{"href":"https:\/\/www.sexshop.com.ar\/web\/wp-json\/wp\/v2\/media?parent=6623"}],"wp:term":[{"taxonomy":"product_brand","embeddable":true,"href":"https:\/\/www.sexshop.com.ar\/web\/wp-json\/wp\/v2\/product_brand?post=6623"},{"taxonomy":"product_cat","embeddable":true,"href":"https:\/\/www.sexshop.com.ar\/web\/wp-json\/wp\/v2\/product_cat?post=6623"},{"taxonomy":"product_tag","embeddable":true,"href":"https:\/\/www.sexshop.com.ar\/web\/wp-json\/wp\/v2\/product_tag?post=6623"}],"curies":[{"name":"wp","href":"https:\/\/api.w.org\/{rel}","templated":true}]}}