{"id":6625,"date":"2024-03-12T17:48:59","date_gmt":"2024-03-12T20:48:59","guid":{"rendered":"https:\/\/www.sexshop.com.ar\/web\/?post_type=product&#038;p=6625"},"modified":"2025-01-27T12:41:45","modified_gmt":"2025-01-27T15:41:45","slug":"mariposa-roja-cambio-de-roles","status":"publish","type":"product","link":"https:\/\/www.sexshop.com.ar\/web\/producto\/mariposa-roja-cambio-de-roles\/","title":{"rendered":"Mariposa Roja &#8211; Cambio De Roles"},"content":{"rendered":"<p>&nbsp;<\/p>\n<ul>\n<li><span class=\"colcolor1\">Marca: <\/span><span class=\"colcolor2\">Caiman<\/span><\/li>\n<li><span class=\"colcolor1\">Origen: <\/span><span class=\"colcolor2\">Argentina<\/span><\/li>\n<li><span class=\"colcolor1\">Color:<\/span>\u00a0<span class=\"colcolor2\">Rojo\u00a0<\/span><\/li>\n<li><span class=\"colcolor1\">Texturas:<\/span>\u00a0<span class=\"colcolor2\">Rugoso\/Relieve<\/span>\u00a0<span class=\"colcolor1\">\u00a0<\/span>\u00a0<span class=\"colcolor2\">Suave<\/span><\/li>\n<li><span class=\"colcolor1\">Caracter\u00edsticas Especiales:<\/span>\u00a0<span class=\"colcolor2\">Con Vibrador<\/span><\/li>\n<li><span class=\"colcolor1\">Tipo Control:<\/span>\u00a0<span class=\"colcolor2\">Remoto con Cable<\/span><\/li>\n<li>Libre de Ftalato<\/li>\n<\/ul>\n","protected":false},"excerpt":{"rendered":"<p>C\u00d3DIGO 20-183-54<\/p>\n<div>\n<p>\u00a1Intercambia roles y disfruta con tu pareja como nunca antes!<\/p>\n<p>Estimulador con el\u00e1sticos regulables para un mejor agarre al cuerpo.\u00a0 Durante la penetraci\u00f3n la mariposa vibra estimulando toda el \u00e1rea p\u00e9lvica. Este modelo viene con bala-control, para poder incrementar tu momento de pasi\u00f3n manejando la vibraci\u00f3n del juguete a distancia.<\/p>\n<p>Juguete ideal para cambio de roles.<\/p>\n<\/div>\n","protected":false},"featured_media":6627,"template":"","meta":{"_et_pb_use_builder":"","_et_pb_old_content":"","_et_gb_content_width":"","_joinchat":[]},"product_brand":[],"product_cat":[32,18],"product_tag":[],"class_list":{"0":"post-6625","1":"product","2":"type-product","3":"status-publish","4":"has-post-thumbnail","6":"product_cat-ellas","7":"product_cat-vibradores","9":"first","10":"instock","11":"shipping-taxable","12":"purchasable","13":"product-type-simple"},"_links":{"self":[{"href":"https:\/\/www.sexshop.com.ar\/web\/wp-json\/wp\/v2\/product\/6625","targetHints":{"allow":["GET"]}}],"collection":[{"href":"https:\/\/www.sexshop.com.ar\/web\/wp-json\/wp\/v2\/product"}],"about":[{"href":"https:\/\/www.sexshop.com.ar\/web\/wp-json\/wp\/v2\/types\/product"}],"wp:featuredmedia":[{"embeddable":true,"href":"https:\/\/www.sexshop.com.ar\/web\/wp-json\/wp\/v2\/media\/6627"}],"wp:attachment":[{"href":"https:\/\/www.sexshop.com.ar\/web\/wp-json\/wp\/v2\/media?parent=6625"}],"wp:term":[{"taxonomy":"product_brand","embeddable":true,"href":"https:\/\/www.sexshop.com.ar\/web\/wp-json\/wp\/v2\/product_brand?post=6625"},{"taxonomy":"product_cat","embeddable":true,"href":"https:\/\/www.sexshop.com.ar\/web\/wp-json\/wp\/v2\/product_cat?post=6625"},{"taxonomy":"product_tag","embeddable":true,"href":"https:\/\/www.sexshop.com.ar\/web\/wp-json\/wp\/v2\/product_tag?post=6625"}],"curies":[{"name":"wp","href":"https:\/\/api.w.org\/{rel}","templated":true}]}}