{"id":6663,"date":"2024-03-12T18:45:21","date_gmt":"2024-03-12T21:45:21","guid":{"rendered":"https:\/\/www.sexshop.com.ar\/web\/?post_type=product&#038;p=6663"},"modified":"2025-02-10T16:51:50","modified_gmt":"2025-02-10T19:51:50","slug":"vibrador-multifuncion-recargable-usb-punto-g-de-silicona","status":"publish","type":"product","link":"https:\/\/www.sexshop.com.ar\/web\/producto\/vibrador-multifuncion-recargable-usb-punto-g-de-silicona\/","title":{"rendered":"Vibrador Multifunci\u00f3n Recargable USB Punto G de Silicona"},"content":{"rendered":"<ul>\n<li><span class=\"colcolor1\">Marca: <\/span><span class=\"colcolor2\">Infarta Toys<\/span><\/li>\n<li><span class=\"colcolor1\">Origen: <\/span><span class=\"colcolor2\">Importado<\/span><\/li>\n<li><span class=\"colcolor1\">Pilas:<\/span>\u00a0<span class=\"colcolor2\">1 x Recargables<\/span><\/li>\n<li><span class=\"colcolor1\">Medidas:<\/span>\u00a0<span class=\"colcolor2\">Di\u00e1metro mayor 3 cm.<\/span>\u00a0<span class=\"colcolor2\">Longitud insertable 14 cm.<\/span>\u00a0<span class=\"colcolor2\">Longitud total 20 cm.<\/span><\/li>\n<li><span class=\"colcolor1\">Materiales:<\/span>\u00a0<span class=\"colcolor2\">Silicona<\/span><\/li>\n<li><span class=\"colcolor1\">Texturas:<\/span>\u00a0<span class=\"colcolor2\">Suave<\/span><\/li>\n<li><span class=\"colcolor1\">Caracter\u00edsticas Especiales:<\/span>\u00a0<span class=\"colcolor2\">Con Vibrador<\/span>\u00a0<span class=\"colcolor1\">\u00a0<\/span><\/li>\n<li><span class=\"colcolor2\">Resistente al agua<\/span><\/li>\n<li><span class=\"colcolor1\">Tipo Control:<\/span>\u00a0<span class=\"colcolor2\">Con bot\u00f3n On\/Off<\/span><\/li>\n<li><span class=\"colcolor1\">Caracter\u00edsticas del Vibrador:<\/span>\u00a0<span class=\"colcolor2\">Doble vibrador<\/span><\/li>\n<\/ul>\n<div>MODO DE CARGA<\/div>\n<div>-Incluye un cable USB para cargar el artefacto.<\/div>\n<div>-La se\u00f1al de luz led parpadea durante el periodo de carga, una vez finalizada la carga, la luz es constante.<\/div>\n","protected":false},"excerpt":{"rendered":"<p>C\u00d3DIGO FT-200258<\/p>\n<p>\u00a1Explor\u00e1 tus placeres y vol\u00e1 tu cabeza con este fabuloso vibrador!<\/p>\n<div><\/div>\n<div>Este fant\u00e1stico juguete con 10 funciones de vibraci\u00f3n, estimular\u00e1 todas tus zonas y te dar\u00e1 un incre\u00edble orgasmo gracias a su curvatura y suavidad, llegando a tu punto G.<\/div>\n<div><\/div>\n<div>\u00a1Disfruta y disfr\u00fatate!<\/div>\n","protected":false},"featured_media":6664,"template":"","meta":{"_et_pb_use_builder":"","_et_pb_old_content":"","_et_gb_content_width":"","_joinchat":[]},"product_brand":[],"product_cat":[18],"product_tag":[],"class_list":{"0":"post-6663","1":"product","2":"type-product","3":"status-publish","4":"has-post-thumbnail","6":"product_cat-vibradores","8":"first","9":"instock","10":"shipping-taxable","11":"purchasable","12":"product-type-simple"},"_links":{"self":[{"href":"https:\/\/www.sexshop.com.ar\/web\/wp-json\/wp\/v2\/product\/6663","targetHints":{"allow":["GET"]}}],"collection":[{"href":"https:\/\/www.sexshop.com.ar\/web\/wp-json\/wp\/v2\/product"}],"about":[{"href":"https:\/\/www.sexshop.com.ar\/web\/wp-json\/wp\/v2\/types\/product"}],"wp:featuredmedia":[{"embeddable":true,"href":"https:\/\/www.sexshop.com.ar\/web\/wp-json\/wp\/v2\/media\/6664"}],"wp:attachment":[{"href":"https:\/\/www.sexshop.com.ar\/web\/wp-json\/wp\/v2\/media?parent=6663"}],"wp:term":[{"taxonomy":"product_brand","embeddable":true,"href":"https:\/\/www.sexshop.com.ar\/web\/wp-json\/wp\/v2\/product_brand?post=6663"},{"taxonomy":"product_cat","embeddable":true,"href":"https:\/\/www.sexshop.com.ar\/web\/wp-json\/wp\/v2\/product_cat?post=6663"},{"taxonomy":"product_tag","embeddable":true,"href":"https:\/\/www.sexshop.com.ar\/web\/wp-json\/wp\/v2\/product_tag?post=6663"}],"curies":[{"name":"wp","href":"https:\/\/api.w.org\/{rel}","templated":true}]}}