{"id":6701,"date":"2024-03-12T19:36:47","date_gmt":"2024-03-12T22:36:47","guid":{"rendered":"https:\/\/www.sexshop.com.ar\/web\/?post_type=product&#038;p=6701"},"modified":"2025-12-22T17:37:50","modified_gmt":"2025-12-22T20:37:50","slug":"americano-chico-mulato-cyber-n2-vibro","status":"publish","type":"product","link":"https:\/\/www.sexshop.com.ar\/web\/producto\/americano-chico-mulato-cyber-n2-vibro\/","title":{"rendered":"Americano Chico Mulato Cyber N2 Vibro"},"content":{"rendered":"<ul>\n<li><span class=\"colcolor1\">Marca: <\/span><span class=\"colcolor2\">Caiman<\/span><\/li>\n<li><span class=\"colcolor1\">Origen: <\/span><span class=\"colcolor2\">Argentina<\/span><\/li>\n<li>\n<div>Medidas: 19 x 3.5 CM<\/div>\n<\/li>\n<li>\n<div>Pilas: AA x 2 (no incluidas)<\/div>\n<\/li>\n<\/ul>\n<p>Se recomienda el uso de lubricantes.<\/p>\n<p><i>Phthalate free \/ Libre de Ftalato.<\/i><\/p>\n","protected":false},"excerpt":{"rendered":"<p>C\u00d3DIGO 10-706-39<\/p>\n<div>S\u00daPER REAL\u00cdSTICO NUMBER 2 &#8211; CYBER MULATO<\/div>\n<div>Para\u00a0los que buscan realismo y satisfacci\u00f3n, la l\u00ednea Cyber es s\u00faper real\u00edstica, s\u00edmil a la piel y suave al tacto.<\/div>\n<div>Para vivir una experiencia de placer puro, el cyber-vibe mulato\u00a0ofrece una sensaci\u00f3n real a un pene.<\/div>\n<div>Es hipoalerg\u00e9nico y se adapta a la temperatura corporal permitiendo sentir mejor sus vibraciones y su textura.<\/div>\n","protected":false},"featured_media":6702,"template":"","meta":{"_et_pb_use_builder":"","_et_pb_old_content":"","_et_gb_content_width":"","_joinchat":[]},"product_brand":[],"product_cat":[18],"product_tag":[],"class_list":{"0":"post-6701","1":"product","2":"type-product","3":"status-publish","4":"has-post-thumbnail","6":"product_cat-vibradores","8":"first","9":"instock","10":"shipping-taxable","11":"purchasable","12":"product-type-simple"},"_links":{"self":[{"href":"https:\/\/www.sexshop.com.ar\/web\/wp-json\/wp\/v2\/product\/6701","targetHints":{"allow":["GET"]}}],"collection":[{"href":"https:\/\/www.sexshop.com.ar\/web\/wp-json\/wp\/v2\/product"}],"about":[{"href":"https:\/\/www.sexshop.com.ar\/web\/wp-json\/wp\/v2\/types\/product"}],"wp:featuredmedia":[{"embeddable":true,"href":"https:\/\/www.sexshop.com.ar\/web\/wp-json\/wp\/v2\/media\/6702"}],"wp:attachment":[{"href":"https:\/\/www.sexshop.com.ar\/web\/wp-json\/wp\/v2\/media?parent=6701"}],"wp:term":[{"taxonomy":"product_brand","embeddable":true,"href":"https:\/\/www.sexshop.com.ar\/web\/wp-json\/wp\/v2\/product_brand?post=6701"},{"taxonomy":"product_cat","embeddable":true,"href":"https:\/\/www.sexshop.com.ar\/web\/wp-json\/wp\/v2\/product_cat?post=6701"},{"taxonomy":"product_tag","embeddable":true,"href":"https:\/\/www.sexshop.com.ar\/web\/wp-json\/wp\/v2\/product_tag?post=6701"}],"curies":[{"name":"wp","href":"https:\/\/api.w.org\/{rel}","templated":true}]}}