{"id":674,"date":"2018-05-11T16:49:56","date_gmt":"2018-05-11T19:49:56","guid":{"rendered":"https:\/\/www.sexshop.com.ar\/web\/?post_type=product&#038;p=674"},"modified":"2026-04-15T18:06:33","modified_gmt":"2026-04-15T21:06:33","slug":"ultra-hombre-viagra-natural","status":"publish","type":"product","link":"https:\/\/www.sexshop.com.ar\/web\/producto\/ultra-hombre-viagra-natural\/","title":{"rendered":"ULTRA HOMBRE (Viagra Natural)"},"content":{"rendered":"<p>ULTRA HOMBRE (Viagra Natural)<\/p>\n<p>Las C\u00e1psulas Ultra Hombre son el mejor m\u00e9todo disponible para ayudar a aumentar y restaurar la potencia sexual de una forma sana, sencilla y natural. (PRECIO POR UNIDAD)<\/p>\n<p>Viva su masculinidad a pleno con Ultra Hombre, el \u00fanico producto en el mundo que combina en su f\u00f3rmula las m\u00e1s potentes hierbas con probados ingredientes para lograr la m\u00e1s alta efectividad.<\/p>\n<p>Ultra Hombre se toma solamente cuando usted lo necesita.<\/p>\n<p>Con Ultra Hombre no es necesario estar pendiente de tomar las c\u00e1psulas todos los d\u00edas del mes para que el producto funcione, sino solamente en aquellos d\u00edas en los que usted las necesite, ya que no es un tratamiento permanente sino que tiene efecto directo los d\u00edas en que se toma.<\/p>\n<p>SIN MOLESTIAS<\/p>\n<p>Sin dolor de cabeza<br \/>\nSin rubor facial<br \/>\nSin congesti\u00f3n nasal.<br \/>\nSin disminuci\u00f3n de la visi\u00f3n<br \/>\nSin riesgo para personas que toman remedios para controlar la hipertensi\u00f3n.<br \/>\nNo sobrecarga el coraz\u00f3n, el h\u00edgado o los ri\u00f1ones.<br \/>\nUltra Hombre act\u00faa a partir de la hora de haber sido tomado.<\/p>\n<p>No tiene contraindicaciones y no produce efectos adversos.<\/p>\n<p>Est\u00e1 aprobado por la autoridad sanitaria correspondiente y NO necesita receta m\u00e9dica para ser consumido.<\/p>\n<p>Forma de uso sugerido: Tomar 1 c\u00e1psula a la hora del d\u00eda que prefiera. Puede tomar hasta 2 c\u00e1psulas al d\u00eda si lo desea, y en caso de tomar 2 puede tomarlas juntas.<\/p>\n<p>Ultra Hombre no es un medicamento, y est\u00e1 aprobado en Argentina para su comercializaci\u00f3n sin ninguna clase de receta m\u00e9dica.<\/p>\n","protected":false},"excerpt":{"rendered":"<p>(PRECIO POR UNIDAD)<\/p>\n<p>Las C\u00e1psulas Ultra Hombre son el mejor m\u00e9todo disponible para ayudar a aumentar y restaurar la potencia sexual de una forma sana, sencilla y natural.<\/p>\n<p>&nbsp;<\/p>\n","protected":false},"featured_media":682,"template":"","meta":{"_et_pb_use_builder":"","_et_pb_old_content":"","_et_gb_content_width":"","_joinchat":[]},"product_brand":[],"product_cat":[25,33,36],"product_tag":[],"class_list":{"0":"post-674","1":"product","2":"type-product","3":"status-publish","4":"has-post-thumbnail","6":"product_cat-afrodisiacos","7":"product_cat-ellos","8":"product_cat-energizantes","10":"first","11":"instock","12":"shipping-taxable","13":"purchasable","14":"product-type-simple"},"_links":{"self":[{"href":"https:\/\/www.sexshop.com.ar\/web\/wp-json\/wp\/v2\/product\/674","targetHints":{"allow":["GET"]}}],"collection":[{"href":"https:\/\/www.sexshop.com.ar\/web\/wp-json\/wp\/v2\/product"}],"about":[{"href":"https:\/\/www.sexshop.com.ar\/web\/wp-json\/wp\/v2\/types\/product"}],"wp:featuredmedia":[{"embeddable":true,"href":"https:\/\/www.sexshop.com.ar\/web\/wp-json\/wp\/v2\/media\/682"}],"wp:attachment":[{"href":"https:\/\/www.sexshop.com.ar\/web\/wp-json\/wp\/v2\/media?parent=674"}],"wp:term":[{"taxonomy":"product_brand","embeddable":true,"href":"https:\/\/www.sexshop.com.ar\/web\/wp-json\/wp\/v2\/product_brand?post=674"},{"taxonomy":"product_cat","embeddable":true,"href":"https:\/\/www.sexshop.com.ar\/web\/wp-json\/wp\/v2\/product_cat?post=674"},{"taxonomy":"product_tag","embeddable":true,"href":"https:\/\/www.sexshop.com.ar\/web\/wp-json\/wp\/v2\/product_tag?post=674"}],"curies":[{"name":"wp","href":"https:\/\/api.w.org\/{rel}","templated":true}]}}